{"id":4787,"date":"2026-04-15T09:54:04","date_gmt":"2026-04-15T09:54:04","guid":{"rendered":"https:\/\/aiersha.com\/juguetes-sexuales\/juguetes-sexuales-para-hombres\/aiersha-onyx-nexus-male-masturbator-dual-frequency-intimate-ring\/"},"modified":"2026-04-16T08:51:18","modified_gmt":"2026-04-16T08:51:18","slug":"aiersha-onyx-nexus-masturbador-masculino-dual-frequency-intimate-ring","status":"publish","type":"page","link":"https:\/\/aiersha.com\/es\/juguetes-sexuales\/juguetes-sexuales-para-hombres\/aiersha-onyx-nexus-masturbador-masculino-dual-frequency-intimate-ring\/","title":{"rendered":"Aiersha Onyx Nexus Masturbador Masculino: Dual Frequency Intimate Ring"},"content":{"rendered":"","protected":false},"excerpt":{"rendered":"","protected":false},"author":1,"featured_media":-1,"parent":3017,"menu_order":0,"comment_status":"closed","ping_status":"closed","template":"","meta":{"footnotes":""},"class_list":["post-4787","page","type-page","status-publish","has-post-thumbnail","hentry"],"yoast_head":"<!-- This site is optimized with the Yoast SEO plugin v27.4 - https:\/\/yoast.com\/product\/yoast-seo-wordpress\/ -->\n<title>Aiersha Onyx Nexus Masturbador Masculino: Dual Frequency Intimate Ring - Juguetes Er\u00f3ticos, Mayorista y Fabricante OEM<\/title>\n<meta name=\"description\" content=\"Descubre el Aiersha Onyx Nexus. Un anillo \u00edntimo de doble frecuencia con 10 niveles de vibraci\u00f3n de &#039;mordida&#039;, control por App y dise\u00f1o ergon\u00f3mico.\" \/>\n<meta name=\"robots\" content=\"index, follow, max-snippet:-1, max-image-preview:large, max-video-preview:-1\" \/>\n<link rel=\"canonical\" href=\"https:\/\/aiersha.com\/es\/juguetes-sexuales\/juguetes-sexuales-para-hombres\/aiersha-onyx-nexus-masturbador-masculino-dual-frequency-intimate-ring\/\" \/>\n<meta property=\"og:locale\" content=\"es_ES\" \/>\n<meta property=\"og:type\" content=\"article\" \/>\n<meta property=\"og:title\" content=\"Aiersha Onyx Nexus Masturbador Masculino: Dual Frequency Intimate Ring - Juguetes Er\u00f3ticos, Mayorista y Fabricante OEM\" \/>\n<meta property=\"og:description\" content=\"Descubre el Aiersha Onyx Nexus. Un anillo \u00edntimo de doble frecuencia con 10 niveles de vibraci\u00f3n de &#039;mordida&#039;, control por App y dise\u00f1o ergon\u00f3mico.\" \/>\n<meta property=\"og:url\" content=\"https:\/\/aiersha.com\/es\/juguetes-sexuales\/juguetes-sexuales-para-hombres\/aiersha-onyx-nexus-masturbador-masculino-dual-frequency-intimate-ring\/\" \/>\n<meta property=\"og:site_name\" content=\"Juguetes Er\u00f3ticos, Mayorista y Fabricante OEM\" \/>\n<meta property=\"article:publisher\" content=\"https:\/\/www.facebook.com\/asdoll2017\/\" \/>\n<meta property=\"article:modified_time\" content=\"2026-04-16T08:51:18+00:00\" \/>\n<meta name=\"twitter:card\" content=\"summary_large_image\" \/>\n<meta name=\"twitter:site\" content=\"@CathyHe8\" \/>\n<script type=\"application\/ld+json\" class=\"yoast-schema-graph\">{\"@context\":\"https:\\\/\\\/schema.org\",\"@graph\":[{\"@type\":\"WebPage\",\"@id\":\"https:\\\/\\\/aiersha.com\\\/es\\\/juguetes-sexuales\\\/juguetes-sexuales-para-hombres\\\/aiersha-onyx-nexus-masturbador-masculino-dual-frequency-intimate-ring\\\/\",\"url\":\"https:\\\/\\\/aiersha.com\\\/es\\\/juguetes-sexuales\\\/juguetes-sexuales-para-hombres\\\/aiersha-onyx-nexus-masturbador-masculino-dual-frequency-intimate-ring\\\/\",\"name\":\"Aiersha Onyx Nexus Masturbador Masculino: Dual Frequency Intimate Ring - Juguetes Er\u00f3ticos, Mayorista y Fabricante OEM\",\"isPartOf\":{\"@id\":\"https:\\\/\\\/aiersha.com\\\/es\\\/#website\"},\"datePublished\":\"2026-04-15T09:54:04+00:00\",\"dateModified\":\"2026-04-16T08:51:18+00:00\",\"description\":\"Descubre el Aiersha Onyx Nexus. Un anillo \u00edntimo de doble frecuencia con 10 niveles de vibraci\u00f3n de 'mordida', control por App y dise\u00f1o ergon\u00f3mico.\",\"breadcrumb\":{\"@id\":\"https:\\\/\\\/aiersha.com\\\/es\\\/juguetes-sexuales\\\/juguetes-sexuales-para-hombres\\\/aiersha-onyx-nexus-masturbador-masculino-dual-frequency-intimate-ring\\\/#breadcrumb\"},\"inLanguage\":\"es\",\"potentialAction\":[{\"@type\":\"ReadAction\",\"target\":[\"https:\\\/\\\/aiersha.com\\\/es\\\/juguetes-sexuales\\\/juguetes-sexuales-para-hombres\\\/aiersha-onyx-nexus-masturbador-masculino-dual-frequency-intimate-ring\\\/\"]}]},{\"@type\":\"BreadcrumbList\",\"@id\":\"https:\\\/\\\/aiersha.com\\\/es\\\/juguetes-sexuales\\\/juguetes-sexuales-para-hombres\\\/aiersha-onyx-nexus-masturbador-masculino-dual-frequency-intimate-ring\\\/#breadcrumb\",\"itemListElement\":[{\"@type\":\"ListItem\",\"position\":1,\"name\":\"Home\",\"item\":\"https:\\\/\\\/aiersha.com\\\/es\\\/\"},{\"@type\":\"ListItem\",\"position\":2,\"name\":\"Juguetes Sexuales\",\"item\":\"https:\\\/\\\/aiersha.com\\\/es\\\/sex-product\\\/\"},{\"@type\":\"ListItem\",\"position\":3,\"name\":\"Juguetes sexuales para hombres\",\"item\":\"https:\\\/\\\/aiersha.com\\\/es\\\/juguetes-sexuales\\\/juguetes-sexuales-para-hombres\\\/\"},{\"@type\":\"ListItem\",\"position\":4,\"name\":\"Aiersha Onyx Nexus Masturbador Masculino: Dual Frequency Intimate Ring\"}]},{\"@type\":\"WebSite\",\"@id\":\"https:\\\/\\\/aiersha.com\\\/es\\\/#website\",\"url\":\"https:\\\/\\\/aiersha.com\\\/es\\\/\",\"name\":\"Aiersha | Luxury Intimacy Gift Sets for Women & Couples\",\"description\":\"Juguetes sexuales para mujeres, hombres y parejas\",\"potentialAction\":[{\"@type\":\"SearchAction\",\"target\":{\"@type\":\"EntryPoint\",\"urlTemplate\":\"https:\\\/\\\/aiersha.com\\\/es\\\/?s={search_term_string}\"},\"query-input\":{\"@type\":\"PropertyValueSpecification\",\"valueRequired\":true,\"valueName\":\"search_term_string\"}}],\"inLanguage\":\"es\"}]}<\/script>\n<!-- \/ Yoast SEO plugin. -->","yoast_head_json":{"title":"Aiersha Onyx Nexus Masturbador Masculino: Dual Frequency Intimate Ring - Juguetes Er\u00f3ticos, Mayorista y Fabricante OEM","description":"Descubre el Aiersha Onyx Nexus. Un anillo \u00edntimo de doble frecuencia con 10 niveles de vibraci\u00f3n de 'mordida', control por App y dise\u00f1o ergon\u00f3mico.","robots":{"index":"index","follow":"follow","max-snippet":"max-snippet:-1","max-image-preview":"max-image-preview:large","max-video-preview":"max-video-preview:-1"},"canonical":"https:\/\/aiersha.com\/es\/juguetes-sexuales\/juguetes-sexuales-para-hombres\/aiersha-onyx-nexus-masturbador-masculino-dual-frequency-intimate-ring\/","og_locale":"es_ES","og_type":"article","og_title":"Aiersha Onyx Nexus Masturbador Masculino: Dual Frequency Intimate Ring - Juguetes Er\u00f3ticos, Mayorista y Fabricante OEM","og_description":"Descubre el Aiersha Onyx Nexus. Un anillo \u00edntimo de doble frecuencia con 10 niveles de vibraci\u00f3n de 'mordida', control por App y dise\u00f1o ergon\u00f3mico.","og_url":"https:\/\/aiersha.com\/es\/juguetes-sexuales\/juguetes-sexuales-para-hombres\/aiersha-onyx-nexus-masturbador-masculino-dual-frequency-intimate-ring\/","og_site_name":"Juguetes Er\u00f3ticos, Mayorista y Fabricante OEM","article_publisher":"https:\/\/www.facebook.com\/asdoll2017\/","article_modified_time":"2026-04-16T08:51:18+00:00","twitter_card":"summary_large_image","twitter_site":"@CathyHe8","schema":{"@context":"https:\/\/schema.org","@graph":[{"@type":"WebPage","@id":"https:\/\/aiersha.com\/es\/juguetes-sexuales\/juguetes-sexuales-para-hombres\/aiersha-onyx-nexus-masturbador-masculino-dual-frequency-intimate-ring\/","url":"https:\/\/aiersha.com\/es\/juguetes-sexuales\/juguetes-sexuales-para-hombres\/aiersha-onyx-nexus-masturbador-masculino-dual-frequency-intimate-ring\/","name":"Aiersha Onyx Nexus Masturbador Masculino: Dual Frequency Intimate Ring - Juguetes Er\u00f3ticos, Mayorista y Fabricante OEM","isPartOf":{"@id":"https:\/\/aiersha.com\/es\/#website"},"datePublished":"2026-04-15T09:54:04+00:00","dateModified":"2026-04-16T08:51:18+00:00","description":"Descubre el Aiersha Onyx Nexus. Un anillo \u00edntimo de doble frecuencia con 10 niveles de vibraci\u00f3n de 'mordida', control por App y dise\u00f1o ergon\u00f3mico.","breadcrumb":{"@id":"https:\/\/aiersha.com\/es\/juguetes-sexuales\/juguetes-sexuales-para-hombres\/aiersha-onyx-nexus-masturbador-masculino-dual-frequency-intimate-ring\/#breadcrumb"},"inLanguage":"es","potentialAction":[{"@type":"ReadAction","target":["https:\/\/aiersha.com\/es\/juguetes-sexuales\/juguetes-sexuales-para-hombres\/aiersha-onyx-nexus-masturbador-masculino-dual-frequency-intimate-ring\/"]}]},{"@type":"BreadcrumbList","@id":"https:\/\/aiersha.com\/es\/juguetes-sexuales\/juguetes-sexuales-para-hombres\/aiersha-onyx-nexus-masturbador-masculino-dual-frequency-intimate-ring\/#breadcrumb","itemListElement":[{"@type":"ListItem","position":1,"name":"Home","item":"https:\/\/aiersha.com\/es\/"},{"@type":"ListItem","position":2,"name":"Juguetes Sexuales","item":"https:\/\/aiersha.com\/es\/sex-product\/"},{"@type":"ListItem","position":3,"name":"Juguetes sexuales para hombres","item":"https:\/\/aiersha.com\/es\/juguetes-sexuales\/juguetes-sexuales-para-hombres\/"},{"@type":"ListItem","position":4,"name":"Aiersha Onyx Nexus Masturbador Masculino: Dual Frequency Intimate Ring"}]},{"@type":"WebSite","@id":"https:\/\/aiersha.com\/es\/#website","url":"https:\/\/aiersha.com\/es\/","name":"Aiersha | Luxury Intimacy Gift Sets for Women & Couples","description":"Juguetes sexuales para mujeres, hombres y parejas","potentialAction":[{"@type":"SearchAction","target":{"@type":"EntryPoint","urlTemplate":"https:\/\/aiersha.com\/es\/?s={search_term_string}"},"query-input":{"@type":"PropertyValueSpecification","valueRequired":true,"valueName":"search_term_string"}}],"inLanguage":"es"}]}},"_links":{"self":[{"href":"https:\/\/aiersha.com\/es\/wp-json\/wp\/v2\/pages\/4787","targetHints":{"allow":["GET"]}}],"collection":[{"href":"https:\/\/aiersha.com\/es\/wp-json\/wp\/v2\/pages"}],"about":[{"href":"https:\/\/aiersha.com\/es\/wp-json\/wp\/v2\/types\/page"}],"author":[{"embeddable":true,"href":"https:\/\/aiersha.com\/es\/wp-json\/wp\/v2\/users\/1"}],"replies":[{"embeddable":true,"href":"https:\/\/aiersha.com\/es\/wp-json\/wp\/v2\/comments?post=4787"}],"version-history":[{"count":3,"href":"https:\/\/aiersha.com\/es\/wp-json\/wp\/v2\/pages\/4787\/revisions"}],"predecessor-version":[{"id":4793,"href":"https:\/\/aiersha.com\/es\/wp-json\/wp\/v2\/pages\/4787\/revisions\/4793"}],"up":[{"embeddable":true,"href":"https:\/\/aiersha.com\/es\/wp-json\/wp\/v2\/pages\/3017"}],"wp:featuredmedia":[{"embeddable":true,"href":"https:\/\/aiersha.com\/es\/wp-json\/"}],"wp:attachment":[{"href":"https:\/\/aiersha.com\/es\/wp-json\/wp\/v2\/media?parent=4787"}],"curies":[{"name":"wp","href":"https:\/\/api.w.org\/{rel}","templated":true}]}}