{"id":4037,"date":"2026-02-10T09:47:34","date_gmt":"2026-02-10T09:47:34","guid":{"rendered":"https:\/\/aiersha.com\/juguetes-sexuales\/juguetes-sexuales-para-mujeres\/aiersha-vivid-shape-telescopic-swinging-heating-silicone-dildo\/"},"modified":"2026-03-11T10:24:44","modified_gmt":"2026-03-11T10:24:44","slug":"aiersha-vivid-shape-dildo-telescopico-con-calor-y-swing","status":"publish","type":"page","link":"https:\/\/aiersha.com\/es\/juguetes-sexuales\/juguetes-sexuales-para-mujeres\/aiersha-vivid-shape-dildo-telescopico-con-calor-y-swing\/","title":{"rendered":"Aiersha Vivid Shape: Dildo Telesc\u00f3pico con Calor y Swing"},"content":{"rendered":"","protected":false},"excerpt":{"rendered":"","protected":false},"author":1,"featured_media":-1,"parent":3003,"menu_order":0,"comment_status":"closed","ping_status":"closed","template":"","meta":{"footnotes":""},"class_list":["post-4037","page","type-page","status-publish","has-post-thumbnail","hentry"],"yoast_head":"<!-- This site is optimized with the Yoast SEO plugin v27.3 - https:\/\/yoast.com\/product\/yoast-seo-wordpress\/ -->\n<title>Aiersha Vivid Shape: Dildo Telesc\u00f3pico con Calor y Swing - Juguetes Er\u00f3ticos, Mayorista y Fabricante OEM<\/title>\n<meta name=\"description\" content=\"Descubre el Aiersha Vivid Shape: silicona l\u00edquida realista, 5 modos de oscilaci\u00f3n y calor inteligente para una experiencia interactiva y potente.\" \/>\n<meta name=\"robots\" content=\"index, follow, max-snippet:-1, max-image-preview:large, max-video-preview:-1\" \/>\n<link rel=\"canonical\" href=\"https:\/\/aiersha.com\/es\/juguetes-sexuales\/juguetes-sexuales-para-mujeres\/aiersha-vivid-shape-dildo-telescopico-con-calor-y-swing\/\" \/>\n<meta property=\"og:locale\" content=\"es_ES\" \/>\n<meta property=\"og:type\" content=\"article\" \/>\n<meta property=\"og:title\" content=\"Aiersha Vivid Shape: Dildo Telesc\u00f3pico con Calor y Swing - Juguetes Er\u00f3ticos, Mayorista y Fabricante OEM\" \/>\n<meta property=\"og:description\" content=\"Descubre el Aiersha Vivid Shape: silicona l\u00edquida realista, 5 modos de oscilaci\u00f3n y calor inteligente para una experiencia interactiva y potente.\" \/>\n<meta property=\"og:url\" content=\"https:\/\/aiersha.com\/es\/juguetes-sexuales\/juguetes-sexuales-para-mujeres\/aiersha-vivid-shape-dildo-telescopico-con-calor-y-swing\/\" \/>\n<meta property=\"og:site_name\" content=\"Juguetes Er\u00f3ticos, Mayorista y Fabricante OEM\" \/>\n<meta property=\"article:publisher\" content=\"https:\/\/www.facebook.com\/asdoll2017\/\" \/>\n<meta property=\"article:modified_time\" content=\"2026-03-11T10:24:44+00:00\" \/>\n<meta name=\"twitter:card\" content=\"summary_large_image\" \/>\n<meta name=\"twitter:site\" content=\"@CathyHe8\" \/>\n<script type=\"application\/ld+json\" class=\"yoast-schema-graph\">{\"@context\":\"https:\\\/\\\/schema.org\",\"@graph\":[{\"@type\":\"WebPage\",\"@id\":\"https:\\\/\\\/aiersha.com\\\/es\\\/juguetes-sexuales\\\/juguetes-sexuales-para-mujeres\\\/aiersha-vivid-shape-dildo-telescopico-con-calor-y-swing\\\/\",\"url\":\"https:\\\/\\\/aiersha.com\\\/es\\\/juguetes-sexuales\\\/juguetes-sexuales-para-mujeres\\\/aiersha-vivid-shape-dildo-telescopico-con-calor-y-swing\\\/\",\"name\":\"Aiersha Vivid Shape: Dildo Telesc\u00f3pico con Calor y Swing - Juguetes Er\u00f3ticos, Mayorista y Fabricante OEM\",\"isPartOf\":{\"@id\":\"https:\\\/\\\/aiersha.com\\\/es\\\/#website\"},\"datePublished\":\"2026-02-10T09:47:34+00:00\",\"dateModified\":\"2026-03-11T10:24:44+00:00\",\"description\":\"Descubre el Aiersha Vivid Shape: silicona l\u00edquida realista, 5 modos de oscilaci\u00f3n y calor inteligente para una experiencia interactiva y potente.\",\"breadcrumb\":{\"@id\":\"https:\\\/\\\/aiersha.com\\\/es\\\/juguetes-sexuales\\\/juguetes-sexuales-para-mujeres\\\/aiersha-vivid-shape-dildo-telescopico-con-calor-y-swing\\\/#breadcrumb\"},\"inLanguage\":\"es\",\"potentialAction\":[{\"@type\":\"ReadAction\",\"target\":[\"https:\\\/\\\/aiersha.com\\\/es\\\/juguetes-sexuales\\\/juguetes-sexuales-para-mujeres\\\/aiersha-vivid-shape-dildo-telescopico-con-calor-y-swing\\\/\"]}]},{\"@type\":\"BreadcrumbList\",\"@id\":\"https:\\\/\\\/aiersha.com\\\/es\\\/juguetes-sexuales\\\/juguetes-sexuales-para-mujeres\\\/aiersha-vivid-shape-dildo-telescopico-con-calor-y-swing\\\/#breadcrumb\",\"itemListElement\":[{\"@type\":\"ListItem\",\"position\":1,\"name\":\"Home\",\"item\":\"https:\\\/\\\/aiersha.com\\\/es\\\/\"},{\"@type\":\"ListItem\",\"position\":2,\"name\":\"Juguetes Sexuales\",\"item\":\"https:\\\/\\\/aiersha.com\\\/es\\\/sex-product\\\/\"},{\"@type\":\"ListItem\",\"position\":3,\"name\":\"Juguetes sexuales para mujeres\",\"item\":\"https:\\\/\\\/aiersha.com\\\/es\\\/juguetes-sexuales\\\/juguetes-sexuales-para-mujeres\\\/\"},{\"@type\":\"ListItem\",\"position\":4,\"name\":\"Aiersha Vivid Shape: Dildo Telesc\u00f3pico con Calor y Swing\"}]},{\"@type\":\"WebSite\",\"@id\":\"https:\\\/\\\/aiersha.com\\\/es\\\/#website\",\"url\":\"https:\\\/\\\/aiersha.com\\\/es\\\/\",\"name\":\"Aiersha | Luxury Intimacy Gift Sets for Women & Couples\",\"description\":\"Juguetes sexuales para mujeres, hombres y parejas\",\"potentialAction\":[{\"@type\":\"SearchAction\",\"target\":{\"@type\":\"EntryPoint\",\"urlTemplate\":\"https:\\\/\\\/aiersha.com\\\/es\\\/?s={search_term_string}\"},\"query-input\":{\"@type\":\"PropertyValueSpecification\",\"valueRequired\":true,\"valueName\":\"search_term_string\"}}],\"inLanguage\":\"es\"}]}<\/script>\n<!-- \/ Yoast SEO plugin. -->","yoast_head_json":{"title":"Aiersha Vivid Shape: Dildo Telesc\u00f3pico con Calor y Swing - Juguetes Er\u00f3ticos, Mayorista y Fabricante OEM","description":"Descubre el Aiersha Vivid Shape: silicona l\u00edquida realista, 5 modos de oscilaci\u00f3n y calor inteligente para una experiencia interactiva y potente.","robots":{"index":"index","follow":"follow","max-snippet":"max-snippet:-1","max-image-preview":"max-image-preview:large","max-video-preview":"max-video-preview:-1"},"canonical":"https:\/\/aiersha.com\/es\/juguetes-sexuales\/juguetes-sexuales-para-mujeres\/aiersha-vivid-shape-dildo-telescopico-con-calor-y-swing\/","og_locale":"es_ES","og_type":"article","og_title":"Aiersha Vivid Shape: Dildo Telesc\u00f3pico con Calor y Swing - Juguetes Er\u00f3ticos, Mayorista y Fabricante OEM","og_description":"Descubre el Aiersha Vivid Shape: silicona l\u00edquida realista, 5 modos de oscilaci\u00f3n y calor inteligente para una experiencia interactiva y potente.","og_url":"https:\/\/aiersha.com\/es\/juguetes-sexuales\/juguetes-sexuales-para-mujeres\/aiersha-vivid-shape-dildo-telescopico-con-calor-y-swing\/","og_site_name":"Juguetes Er\u00f3ticos, Mayorista y Fabricante OEM","article_publisher":"https:\/\/www.facebook.com\/asdoll2017\/","article_modified_time":"2026-03-11T10:24:44+00:00","twitter_card":"summary_large_image","twitter_site":"@CathyHe8","schema":{"@context":"https:\/\/schema.org","@graph":[{"@type":"WebPage","@id":"https:\/\/aiersha.com\/es\/juguetes-sexuales\/juguetes-sexuales-para-mujeres\/aiersha-vivid-shape-dildo-telescopico-con-calor-y-swing\/","url":"https:\/\/aiersha.com\/es\/juguetes-sexuales\/juguetes-sexuales-para-mujeres\/aiersha-vivid-shape-dildo-telescopico-con-calor-y-swing\/","name":"Aiersha Vivid Shape: Dildo Telesc\u00f3pico con Calor y Swing - Juguetes Er\u00f3ticos, Mayorista y Fabricante OEM","isPartOf":{"@id":"https:\/\/aiersha.com\/es\/#website"},"datePublished":"2026-02-10T09:47:34+00:00","dateModified":"2026-03-11T10:24:44+00:00","description":"Descubre el Aiersha Vivid Shape: silicona l\u00edquida realista, 5 modos de oscilaci\u00f3n y calor inteligente para una experiencia interactiva y potente.","breadcrumb":{"@id":"https:\/\/aiersha.com\/es\/juguetes-sexuales\/juguetes-sexuales-para-mujeres\/aiersha-vivid-shape-dildo-telescopico-con-calor-y-swing\/#breadcrumb"},"inLanguage":"es","potentialAction":[{"@type":"ReadAction","target":["https:\/\/aiersha.com\/es\/juguetes-sexuales\/juguetes-sexuales-para-mujeres\/aiersha-vivid-shape-dildo-telescopico-con-calor-y-swing\/"]}]},{"@type":"BreadcrumbList","@id":"https:\/\/aiersha.com\/es\/juguetes-sexuales\/juguetes-sexuales-para-mujeres\/aiersha-vivid-shape-dildo-telescopico-con-calor-y-swing\/#breadcrumb","itemListElement":[{"@type":"ListItem","position":1,"name":"Home","item":"https:\/\/aiersha.com\/es\/"},{"@type":"ListItem","position":2,"name":"Juguetes Sexuales","item":"https:\/\/aiersha.com\/es\/sex-product\/"},{"@type":"ListItem","position":3,"name":"Juguetes sexuales para mujeres","item":"https:\/\/aiersha.com\/es\/juguetes-sexuales\/juguetes-sexuales-para-mujeres\/"},{"@type":"ListItem","position":4,"name":"Aiersha Vivid Shape: Dildo Telesc\u00f3pico con Calor y Swing"}]},{"@type":"WebSite","@id":"https:\/\/aiersha.com\/es\/#website","url":"https:\/\/aiersha.com\/es\/","name":"Aiersha | Luxury Intimacy Gift Sets for Women & Couples","description":"Juguetes sexuales para mujeres, hombres y parejas","potentialAction":[{"@type":"SearchAction","target":{"@type":"EntryPoint","urlTemplate":"https:\/\/aiersha.com\/es\/?s={search_term_string}"},"query-input":{"@type":"PropertyValueSpecification","valueRequired":true,"valueName":"search_term_string"}}],"inLanguage":"es"}]}},"_links":{"self":[{"href":"https:\/\/aiersha.com\/es\/wp-json\/wp\/v2\/pages\/4037","targetHints":{"allow":["GET"]}}],"collection":[{"href":"https:\/\/aiersha.com\/es\/wp-json\/wp\/v2\/pages"}],"about":[{"href":"https:\/\/aiersha.com\/es\/wp-json\/wp\/v2\/types\/page"}],"author":[{"embeddable":true,"href":"https:\/\/aiersha.com\/es\/wp-json\/wp\/v2\/users\/1"}],"replies":[{"embeddable":true,"href":"https:\/\/aiersha.com\/es\/wp-json\/wp\/v2\/comments?post=4037"}],"version-history":[{"count":2,"href":"https:\/\/aiersha.com\/es\/wp-json\/wp\/v2\/pages\/4037\/revisions"}],"predecessor-version":[{"id":4044,"href":"https:\/\/aiersha.com\/es\/wp-json\/wp\/v2\/pages\/4037\/revisions\/4044"}],"up":[{"embeddable":true,"href":"https:\/\/aiersha.com\/es\/wp-json\/wp\/v2\/pages\/3003"}],"wp:featuredmedia":[{"embeddable":true,"href":"https:\/\/aiersha.com\/es\/wp-json\/"}],"wp:attachment":[{"href":"https:\/\/aiersha.com\/es\/wp-json\/wp\/v2\/media?parent=4037"}],"curies":[{"name":"wp","href":"https:\/\/api.w.org\/{rel}","templated":true}]}}