{"id":3829,"date":"2026-01-13T11:10:20","date_gmt":"2026-01-13T11:10:20","guid":{"rendered":"https:\/\/aiersha.com\/juguetes-sexuales\/juguetes-sexuales-para-mujeres\/air-pulse-massagers\/"},"modified":"2026-02-18T10:22:00","modified_gmt":"2026-02-18T10:22:00","slug":"succionadores-de-clitoris","status":"publish","type":"page","link":"https:\/\/aiersha.com\/es\/juguetes-sexuales\/juguetes-sexuales-para-mujeres\/succionadores-de-clitoris\/","title":{"rendered":"Succionadores de Cl\u00edtoris"},"content":{"rendered":"","protected":false},"excerpt":{"rendered":"","protected":false},"author":1,"featured_media":-1,"parent":3003,"menu_order":0,"comment_status":"closed","ping_status":"closed","template":"","meta":{"footnotes":""},"class_list":["post-3829","page","type-page","status-publish","has-post-thumbnail","hentry"],"yoast_head":"<!-- This site is optimized with the Yoast SEO plugin v27.3 - https:\/\/yoast.com\/product\/yoast-seo-wordpress\/ -->\n<title>Succionadores de Cl\u00edtoris - Juguetes Er\u00f3ticos, Mayorista y Fabricante OEM<\/title>\n<meta name=\"description\" content=\"Descubre una nueva dimensi\u00f3n de placer con nuestros masajeadores Air Pulse. Tecnolog\u00eda de ondas de presi\u00f3n para una estimulaci\u00f3n profunda y sin contacto.\" \/>\n<meta name=\"robots\" content=\"index, follow, max-snippet:-1, max-image-preview:large, max-video-preview:-1\" \/>\n<link rel=\"canonical\" href=\"https:\/\/aiersha.com\/es\/juguetes-sexuales\/juguetes-sexuales-para-mujeres\/succionadores-de-clitoris\/\" \/>\n<meta property=\"og:locale\" content=\"es_ES\" \/>\n<meta property=\"og:type\" content=\"article\" \/>\n<meta property=\"og:title\" content=\"Succionadores de Cl\u00edtoris - Juguetes Er\u00f3ticos, Mayorista y Fabricante OEM\" \/>\n<meta property=\"og:description\" content=\"Descubre una nueva dimensi\u00f3n de placer con nuestros masajeadores Air Pulse. Tecnolog\u00eda de ondas de presi\u00f3n para una estimulaci\u00f3n profunda y sin contacto.\" \/>\n<meta property=\"og:url\" content=\"https:\/\/aiersha.com\/es\/juguetes-sexuales\/juguetes-sexuales-para-mujeres\/succionadores-de-clitoris\/\" \/>\n<meta property=\"og:site_name\" content=\"Juguetes Er\u00f3ticos, Mayorista y Fabricante OEM\" \/>\n<meta property=\"article:publisher\" content=\"https:\/\/www.facebook.com\/asdoll2017\/\" \/>\n<meta property=\"article:modified_time\" content=\"2026-02-18T10:22:00+00:00\" \/>\n<meta name=\"twitter:card\" content=\"summary_large_image\" \/>\n<meta name=\"twitter:site\" content=\"@CathyHe8\" \/>\n<script type=\"application\/ld+json\" class=\"yoast-schema-graph\">{\"@context\":\"https:\\\/\\\/schema.org\",\"@graph\":[{\"@type\":\"WebPage\",\"@id\":\"https:\\\/\\\/aiersha.com\\\/es\\\/juguetes-sexuales\\\/juguetes-sexuales-para-mujeres\\\/succionadores-de-clitoris\\\/\",\"url\":\"https:\\\/\\\/aiersha.com\\\/es\\\/juguetes-sexuales\\\/juguetes-sexuales-para-mujeres\\\/succionadores-de-clitoris\\\/\",\"name\":\"Succionadores de Cl\u00edtoris - Juguetes Er\u00f3ticos, Mayorista y Fabricante OEM\",\"isPartOf\":{\"@id\":\"https:\\\/\\\/aiersha.com\\\/es\\\/#website\"},\"datePublished\":\"2026-01-13T11:10:20+00:00\",\"dateModified\":\"2026-02-18T10:22:00+00:00\",\"description\":\"Descubre una nueva dimensi\u00f3n de placer con nuestros masajeadores Air Pulse. Tecnolog\u00eda de ondas de presi\u00f3n para una estimulaci\u00f3n profunda y sin contacto.\",\"breadcrumb\":{\"@id\":\"https:\\\/\\\/aiersha.com\\\/es\\\/juguetes-sexuales\\\/juguetes-sexuales-para-mujeres\\\/succionadores-de-clitoris\\\/#breadcrumb\"},\"inLanguage\":\"es\",\"potentialAction\":[{\"@type\":\"ReadAction\",\"target\":[\"https:\\\/\\\/aiersha.com\\\/es\\\/juguetes-sexuales\\\/juguetes-sexuales-para-mujeres\\\/succionadores-de-clitoris\\\/\"]}]},{\"@type\":\"BreadcrumbList\",\"@id\":\"https:\\\/\\\/aiersha.com\\\/es\\\/juguetes-sexuales\\\/juguetes-sexuales-para-mujeres\\\/succionadores-de-clitoris\\\/#breadcrumb\",\"itemListElement\":[{\"@type\":\"ListItem\",\"position\":1,\"name\":\"Home\",\"item\":\"https:\\\/\\\/aiersha.com\\\/es\\\/\"},{\"@type\":\"ListItem\",\"position\":2,\"name\":\"Juguetes Sexuales\",\"item\":\"https:\\\/\\\/aiersha.com\\\/es\\\/sex-product\\\/\"},{\"@type\":\"ListItem\",\"position\":3,\"name\":\"Juguetes sexuales para mujeres\",\"item\":\"https:\\\/\\\/aiersha.com\\\/es\\\/juguetes-sexuales\\\/juguetes-sexuales-para-mujeres\\\/\"},{\"@type\":\"ListItem\",\"position\":4,\"name\":\"Succionadores de Cl\u00edtoris\"}]},{\"@type\":\"WebSite\",\"@id\":\"https:\\\/\\\/aiersha.com\\\/es\\\/#website\",\"url\":\"https:\\\/\\\/aiersha.com\\\/es\\\/\",\"name\":\"Aiersha | Luxury Intimacy Gift Sets for Women & Couples\",\"description\":\"Juguetes sexuales para mujeres, hombres y parejas\",\"potentialAction\":[{\"@type\":\"SearchAction\",\"target\":{\"@type\":\"EntryPoint\",\"urlTemplate\":\"https:\\\/\\\/aiersha.com\\\/es\\\/?s={search_term_string}\"},\"query-input\":{\"@type\":\"PropertyValueSpecification\",\"valueRequired\":true,\"valueName\":\"search_term_string\"}}],\"inLanguage\":\"es\"}]}<\/script>\n<!-- \/ Yoast SEO plugin. -->","yoast_head_json":{"title":"Succionadores de Cl\u00edtoris - Juguetes Er\u00f3ticos, Mayorista y Fabricante OEM","description":"Descubre una nueva dimensi\u00f3n de placer con nuestros masajeadores Air Pulse. Tecnolog\u00eda de ondas de presi\u00f3n para una estimulaci\u00f3n profunda y sin contacto.","robots":{"index":"index","follow":"follow","max-snippet":"max-snippet:-1","max-image-preview":"max-image-preview:large","max-video-preview":"max-video-preview:-1"},"canonical":"https:\/\/aiersha.com\/es\/juguetes-sexuales\/juguetes-sexuales-para-mujeres\/succionadores-de-clitoris\/","og_locale":"es_ES","og_type":"article","og_title":"Succionadores de Cl\u00edtoris - Juguetes Er\u00f3ticos, Mayorista y Fabricante OEM","og_description":"Descubre una nueva dimensi\u00f3n de placer con nuestros masajeadores Air Pulse. Tecnolog\u00eda de ondas de presi\u00f3n para una estimulaci\u00f3n profunda y sin contacto.","og_url":"https:\/\/aiersha.com\/es\/juguetes-sexuales\/juguetes-sexuales-para-mujeres\/succionadores-de-clitoris\/","og_site_name":"Juguetes Er\u00f3ticos, Mayorista y Fabricante OEM","article_publisher":"https:\/\/www.facebook.com\/asdoll2017\/","article_modified_time":"2026-02-18T10:22:00+00:00","twitter_card":"summary_large_image","twitter_site":"@CathyHe8","schema":{"@context":"https:\/\/schema.org","@graph":[{"@type":"WebPage","@id":"https:\/\/aiersha.com\/es\/juguetes-sexuales\/juguetes-sexuales-para-mujeres\/succionadores-de-clitoris\/","url":"https:\/\/aiersha.com\/es\/juguetes-sexuales\/juguetes-sexuales-para-mujeres\/succionadores-de-clitoris\/","name":"Succionadores de Cl\u00edtoris - Juguetes Er\u00f3ticos, Mayorista y Fabricante OEM","isPartOf":{"@id":"https:\/\/aiersha.com\/es\/#website"},"datePublished":"2026-01-13T11:10:20+00:00","dateModified":"2026-02-18T10:22:00+00:00","description":"Descubre una nueva dimensi\u00f3n de placer con nuestros masajeadores Air Pulse. Tecnolog\u00eda de ondas de presi\u00f3n para una estimulaci\u00f3n profunda y sin contacto.","breadcrumb":{"@id":"https:\/\/aiersha.com\/es\/juguetes-sexuales\/juguetes-sexuales-para-mujeres\/succionadores-de-clitoris\/#breadcrumb"},"inLanguage":"es","potentialAction":[{"@type":"ReadAction","target":["https:\/\/aiersha.com\/es\/juguetes-sexuales\/juguetes-sexuales-para-mujeres\/succionadores-de-clitoris\/"]}]},{"@type":"BreadcrumbList","@id":"https:\/\/aiersha.com\/es\/juguetes-sexuales\/juguetes-sexuales-para-mujeres\/succionadores-de-clitoris\/#breadcrumb","itemListElement":[{"@type":"ListItem","position":1,"name":"Home","item":"https:\/\/aiersha.com\/es\/"},{"@type":"ListItem","position":2,"name":"Juguetes Sexuales","item":"https:\/\/aiersha.com\/es\/sex-product\/"},{"@type":"ListItem","position":3,"name":"Juguetes sexuales para mujeres","item":"https:\/\/aiersha.com\/es\/juguetes-sexuales\/juguetes-sexuales-para-mujeres\/"},{"@type":"ListItem","position":4,"name":"Succionadores de Cl\u00edtoris"}]},{"@type":"WebSite","@id":"https:\/\/aiersha.com\/es\/#website","url":"https:\/\/aiersha.com\/es\/","name":"Aiersha | Luxury Intimacy Gift Sets for Women & Couples","description":"Juguetes sexuales para mujeres, hombres y parejas","potentialAction":[{"@type":"SearchAction","target":{"@type":"EntryPoint","urlTemplate":"https:\/\/aiersha.com\/es\/?s={search_term_string}"},"query-input":{"@type":"PropertyValueSpecification","valueRequired":true,"valueName":"search_term_string"}}],"inLanguage":"es"}]}},"_links":{"self":[{"href":"https:\/\/aiersha.com\/es\/wp-json\/wp\/v2\/pages\/3829","targetHints":{"allow":["GET"]}}],"collection":[{"href":"https:\/\/aiersha.com\/es\/wp-json\/wp\/v2\/pages"}],"about":[{"href":"https:\/\/aiersha.com\/es\/wp-json\/wp\/v2\/types\/page"}],"author":[{"embeddable":true,"href":"https:\/\/aiersha.com\/es\/wp-json\/wp\/v2\/users\/1"}],"replies":[{"embeddable":true,"href":"https:\/\/aiersha.com\/es\/wp-json\/wp\/v2\/comments?post=3829"}],"version-history":[{"count":3,"href":"https:\/\/aiersha.com\/es\/wp-json\/wp\/v2\/pages\/3829\/revisions"}],"predecessor-version":[{"id":3834,"href":"https:\/\/aiersha.com\/es\/wp-json\/wp\/v2\/pages\/3829\/revisions\/3834"}],"up":[{"embeddable":true,"href":"https:\/\/aiersha.com\/es\/wp-json\/wp\/v2\/pages\/3003"}],"wp:featuredmedia":[{"embeddable":true,"href":"https:\/\/aiersha.com\/es\/wp-json\/"}],"wp:attachment":[{"href":"https:\/\/aiersha.com\/es\/wp-json\/wp\/v2\/media?parent=3829"}],"curies":[{"name":"wp","href":"https:\/\/api.w.org\/{rel}","templated":true}]}}