{"id":3045,"date":"2025-10-30T10:03:02","date_gmt":"2025-10-30T10:03:02","guid":{"rendered":"https:\/\/aiersha.com\/juguetes-sexuales\/juguetes-sexuales-para-mujeres\/rabbit-vibrators\/"},"modified":"2026-02-18T10:23:14","modified_gmt":"2026-02-18T10:23:14","slug":"vibrador-rabbit","status":"publish","type":"page","link":"https:\/\/aiersha.com\/es\/juguetes-sexuales\/juguetes-sexuales-para-mujeres\/vibrador-rabbit\/","title":{"rendered":"Vibrador Rabbit"},"content":{"rendered":"","protected":false},"excerpt":{"rendered":"","protected":false},"author":1,"featured_media":-1,"parent":3003,"menu_order":0,"comment_status":"closed","ping_status":"closed","template":"","meta":{"footnotes":""},"class_list":["post-3045","page","type-page","status-publish","has-post-thumbnail","hentry"],"yoast_head":"<!-- This site is optimized with the Yoast SEO plugin v27.4 - https:\/\/yoast.com\/product\/yoast-seo-wordpress\/ -->\n<title>Vibrador Rabbit - Estimulaci\u00f3n Dual de Cl\u00edtoris y Punto G<\/title>\n<meta name=\"description\" content=\"Compra el Vibrador Rabbit para una estimulaci\u00f3n dual intensa. Potente, discreto y silencioso. Disfruta de orgasmos incre\u00edbles en pareja o en solitario.\" \/>\n<meta name=\"robots\" content=\"index, follow, max-snippet:-1, max-image-preview:large, max-video-preview:-1\" \/>\n<link rel=\"canonical\" href=\"https:\/\/aiersha.com\/es\/juguetes-sexuales\/juguetes-sexuales-para-mujeres\/vibrador-rabbit\/\" \/>\n<meta property=\"og:locale\" content=\"es_ES\" \/>\n<meta property=\"og:type\" content=\"article\" \/>\n<meta property=\"og:title\" content=\"Vibrador Rabbit - Estimulaci\u00f3n Dual de Cl\u00edtoris y Punto G\" \/>\n<meta property=\"og:description\" content=\"Compra el Vibrador Rabbit para una estimulaci\u00f3n dual intensa. Potente, discreto y silencioso. Disfruta de orgasmos incre\u00edbles en pareja o en solitario.\" \/>\n<meta property=\"og:url\" content=\"https:\/\/aiersha.com\/es\/juguetes-sexuales\/juguetes-sexuales-para-mujeres\/vibrador-rabbit\/\" \/>\n<meta property=\"og:site_name\" content=\"Juguetes Er\u00f3ticos, Mayorista y Fabricante OEM\" \/>\n<meta property=\"article:publisher\" content=\"https:\/\/www.facebook.com\/asdoll2017\/\" \/>\n<meta property=\"article:modified_time\" content=\"2026-02-18T10:23:14+00:00\" \/>\n<meta name=\"twitter:card\" content=\"summary_large_image\" \/>\n<meta name=\"twitter:site\" content=\"@CathyHe8\" \/>\n<script type=\"application\/ld+json\" class=\"yoast-schema-graph\">{\"@context\":\"https:\\\/\\\/schema.org\",\"@graph\":[{\"@type\":\"WebPage\",\"@id\":\"https:\\\/\\\/aiersha.com\\\/es\\\/juguetes-sexuales\\\/juguetes-sexuales-para-mujeres\\\/vibrador-rabbit\\\/\",\"url\":\"https:\\\/\\\/aiersha.com\\\/es\\\/juguetes-sexuales\\\/juguetes-sexuales-para-mujeres\\\/vibrador-rabbit\\\/\",\"name\":\"Vibrador Rabbit - Estimulaci\u00f3n Dual de Cl\u00edtoris y Punto G\",\"isPartOf\":{\"@id\":\"https:\\\/\\\/aiersha.com\\\/es\\\/#website\"},\"datePublished\":\"2025-10-30T10:03:02+00:00\",\"dateModified\":\"2026-02-18T10:23:14+00:00\",\"description\":\"Compra el Vibrador Rabbit para una estimulaci\u00f3n dual intensa. Potente, discreto y silencioso. Disfruta de orgasmos incre\u00edbles en pareja o en solitario.\",\"breadcrumb\":{\"@id\":\"https:\\\/\\\/aiersha.com\\\/es\\\/juguetes-sexuales\\\/juguetes-sexuales-para-mujeres\\\/vibrador-rabbit\\\/#breadcrumb\"},\"inLanguage\":\"es\",\"potentialAction\":[{\"@type\":\"ReadAction\",\"target\":[\"https:\\\/\\\/aiersha.com\\\/es\\\/juguetes-sexuales\\\/juguetes-sexuales-para-mujeres\\\/vibrador-rabbit\\\/\"]}]},{\"@type\":\"BreadcrumbList\",\"@id\":\"https:\\\/\\\/aiersha.com\\\/es\\\/juguetes-sexuales\\\/juguetes-sexuales-para-mujeres\\\/vibrador-rabbit\\\/#breadcrumb\",\"itemListElement\":[{\"@type\":\"ListItem\",\"position\":1,\"name\":\"Home\",\"item\":\"https:\\\/\\\/aiersha.com\\\/es\\\/\"},{\"@type\":\"ListItem\",\"position\":2,\"name\":\"Juguetes Sexuales\",\"item\":\"https:\\\/\\\/aiersha.com\\\/es\\\/sex-product\\\/\"},{\"@type\":\"ListItem\",\"position\":3,\"name\":\"Juguetes sexuales para mujeres\",\"item\":\"https:\\\/\\\/aiersha.com\\\/es\\\/juguetes-sexuales\\\/juguetes-sexuales-para-mujeres\\\/\"},{\"@type\":\"ListItem\",\"position\":4,\"name\":\"Vibrador Rabbit\"}]},{\"@type\":\"WebSite\",\"@id\":\"https:\\\/\\\/aiersha.com\\\/es\\\/#website\",\"url\":\"https:\\\/\\\/aiersha.com\\\/es\\\/\",\"name\":\"Aiersha | Luxury Intimacy Gift Sets for Women & Couples\",\"description\":\"Juguetes sexuales para mujeres, hombres y parejas\",\"potentialAction\":[{\"@type\":\"SearchAction\",\"target\":{\"@type\":\"EntryPoint\",\"urlTemplate\":\"https:\\\/\\\/aiersha.com\\\/es\\\/?s={search_term_string}\"},\"query-input\":{\"@type\":\"PropertyValueSpecification\",\"valueRequired\":true,\"valueName\":\"search_term_string\"}}],\"inLanguage\":\"es\"}]}<\/script>\n<!-- \/ Yoast SEO plugin. -->","yoast_head_json":{"title":"Vibrador Rabbit - Estimulaci\u00f3n Dual de Cl\u00edtoris y Punto G","description":"Compra el Vibrador Rabbit para una estimulaci\u00f3n dual intensa. Potente, discreto y silencioso. Disfruta de orgasmos incre\u00edbles en pareja o en solitario.","robots":{"index":"index","follow":"follow","max-snippet":"max-snippet:-1","max-image-preview":"max-image-preview:large","max-video-preview":"max-video-preview:-1"},"canonical":"https:\/\/aiersha.com\/es\/juguetes-sexuales\/juguetes-sexuales-para-mujeres\/vibrador-rabbit\/","og_locale":"es_ES","og_type":"article","og_title":"Vibrador Rabbit - Estimulaci\u00f3n Dual de Cl\u00edtoris y Punto G","og_description":"Compra el Vibrador Rabbit para una estimulaci\u00f3n dual intensa. Potente, discreto y silencioso. Disfruta de orgasmos incre\u00edbles en pareja o en solitario.","og_url":"https:\/\/aiersha.com\/es\/juguetes-sexuales\/juguetes-sexuales-para-mujeres\/vibrador-rabbit\/","og_site_name":"Juguetes Er\u00f3ticos, Mayorista y Fabricante OEM","article_publisher":"https:\/\/www.facebook.com\/asdoll2017\/","article_modified_time":"2026-02-18T10:23:14+00:00","twitter_card":"summary_large_image","twitter_site":"@CathyHe8","schema":{"@context":"https:\/\/schema.org","@graph":[{"@type":"WebPage","@id":"https:\/\/aiersha.com\/es\/juguetes-sexuales\/juguetes-sexuales-para-mujeres\/vibrador-rabbit\/","url":"https:\/\/aiersha.com\/es\/juguetes-sexuales\/juguetes-sexuales-para-mujeres\/vibrador-rabbit\/","name":"Vibrador Rabbit - Estimulaci\u00f3n Dual de Cl\u00edtoris y Punto G","isPartOf":{"@id":"https:\/\/aiersha.com\/es\/#website"},"datePublished":"2025-10-30T10:03:02+00:00","dateModified":"2026-02-18T10:23:14+00:00","description":"Compra el Vibrador Rabbit para una estimulaci\u00f3n dual intensa. Potente, discreto y silencioso. Disfruta de orgasmos incre\u00edbles en pareja o en solitario.","breadcrumb":{"@id":"https:\/\/aiersha.com\/es\/juguetes-sexuales\/juguetes-sexuales-para-mujeres\/vibrador-rabbit\/#breadcrumb"},"inLanguage":"es","potentialAction":[{"@type":"ReadAction","target":["https:\/\/aiersha.com\/es\/juguetes-sexuales\/juguetes-sexuales-para-mujeres\/vibrador-rabbit\/"]}]},{"@type":"BreadcrumbList","@id":"https:\/\/aiersha.com\/es\/juguetes-sexuales\/juguetes-sexuales-para-mujeres\/vibrador-rabbit\/#breadcrumb","itemListElement":[{"@type":"ListItem","position":1,"name":"Home","item":"https:\/\/aiersha.com\/es\/"},{"@type":"ListItem","position":2,"name":"Juguetes Sexuales","item":"https:\/\/aiersha.com\/es\/sex-product\/"},{"@type":"ListItem","position":3,"name":"Juguetes sexuales para mujeres","item":"https:\/\/aiersha.com\/es\/juguetes-sexuales\/juguetes-sexuales-para-mujeres\/"},{"@type":"ListItem","position":4,"name":"Vibrador Rabbit"}]},{"@type":"WebSite","@id":"https:\/\/aiersha.com\/es\/#website","url":"https:\/\/aiersha.com\/es\/","name":"Aiersha | Luxury Intimacy Gift Sets for Women & Couples","description":"Juguetes sexuales para mujeres, hombres y parejas","potentialAction":[{"@type":"SearchAction","target":{"@type":"EntryPoint","urlTemplate":"https:\/\/aiersha.com\/es\/?s={search_term_string}"},"query-input":{"@type":"PropertyValueSpecification","valueRequired":true,"valueName":"search_term_string"}}],"inLanguage":"es"}]}},"_links":{"self":[{"href":"https:\/\/aiersha.com\/es\/wp-json\/wp\/v2\/pages\/3045","targetHints":{"allow":["GET"]}}],"collection":[{"href":"https:\/\/aiersha.com\/es\/wp-json\/wp\/v2\/pages"}],"about":[{"href":"https:\/\/aiersha.com\/es\/wp-json\/wp\/v2\/types\/page"}],"author":[{"embeddable":true,"href":"https:\/\/aiersha.com\/es\/wp-json\/wp\/v2\/users\/1"}],"replies":[{"embeddable":true,"href":"https:\/\/aiersha.com\/es\/wp-json\/wp\/v2\/comments?post=3045"}],"version-history":[{"count":2,"href":"https:\/\/aiersha.com\/es\/wp-json\/wp\/v2\/pages\/3045\/revisions"}],"predecessor-version":[{"id":3049,"href":"https:\/\/aiersha.com\/es\/wp-json\/wp\/v2\/pages\/3045\/revisions\/3049"}],"up":[{"embeddable":true,"href":"https:\/\/aiersha.com\/es\/wp-json\/wp\/v2\/pages\/3003"}],"wp:featuredmedia":[{"embeddable":true,"href":"https:\/\/aiersha.com\/es\/wp-json\/"}],"wp:attachment":[{"href":"https:\/\/aiersha.com\/es\/wp-json\/wp\/v2\/media?parent=3045"}],"curies":[{"name":"wp","href":"https:\/\/api.w.org\/{rel}","templated":true}]}}