{"id":4560,"date":"2026-04-08T09:18:23","date_gmt":"2026-04-08T09:18:23","guid":{"rendered":"https:\/\/aiersha.com\/sexprodukte\/aiersha-sexspielzeug-fuer-frauen\/aiersha-vitality-vessel-thermal-resonance-column-medical-grade-dildo\/"},"modified":"2026-04-08T09:38:16","modified_gmt":"2026-04-08T09:38:16","slug":"aiersha-vitality-vessel-thermal-resonance-column-dildo-aus-medizinischem-silikon","status":"publish","type":"page","link":"https:\/\/aiersha.com\/de\/sexprodukte\/aiersha-sexspielzeug-fuer-frauen\/aiersha-vitality-vessel-thermal-resonance-column-dildo-aus-medizinischem-silikon\/","title":{"rendered":"Aiersha Vitality Vessel: Thermal Resonance Column Dildo aus medizinischem Silikon"},"content":{"rendered":"","protected":false},"excerpt":{"rendered":"","protected":false},"author":1,"featured_media":-1,"parent":3002,"menu_order":0,"comment_status":"closed","ping_status":"closed","template":"","meta":{"footnotes":""},"class_list":["post-4560","page","type-page","status-publish","has-post-thumbnail","hentry"],"yoast_head":"<!-- This site is optimized with the Yoast SEO plugin v27.3 - https:\/\/yoast.com\/product\/yoast-seo-wordpress\/ -->\n<title>Aiersha Vitality Vessel: Thermal Resonance Column Dildo aus medizinischem Silikon - Adult Toys: Gro\u00dfhandel &amp; Custom OEM Hersteller | Aiersha<\/title>\n<meta name=\"description\" content=\"Entdecke den Aiersha Vitality Vessel. Ein Premium-Dildo aus fl\u00fcssigem medizinischem Silikon, konzipiert f\u00fcr Sicherheit, Hautfreundlichkeit und \u00c4sthetik.\" \/>\n<meta name=\"robots\" content=\"index, follow, max-snippet:-1, max-image-preview:large, max-video-preview:-1\" \/>\n<link rel=\"canonical\" href=\"https:\/\/aiersha.com\/de\/sexprodukte\/aiersha-sexspielzeug-fuer-frauen\/aiersha-vitality-vessel-thermal-resonance-column-dildo-aus-medizinischem-silikon\/\" \/>\n<meta property=\"og:locale\" content=\"de_DE\" \/>\n<meta property=\"og:type\" content=\"article\" \/>\n<meta property=\"og:title\" content=\"Aiersha Vitality Vessel: Thermal Resonance Column Dildo aus medizinischem Silikon - Adult Toys: Gro\u00dfhandel &amp; Custom OEM Hersteller | Aiersha\" \/>\n<meta property=\"og:description\" content=\"Entdecke den Aiersha Vitality Vessel. Ein Premium-Dildo aus fl\u00fcssigem medizinischem Silikon, konzipiert f\u00fcr Sicherheit, Hautfreundlichkeit und \u00c4sthetik.\" \/>\n<meta property=\"og:url\" content=\"https:\/\/aiersha.com\/de\/sexprodukte\/aiersha-sexspielzeug-fuer-frauen\/aiersha-vitality-vessel-thermal-resonance-column-dildo-aus-medizinischem-silikon\/\" \/>\n<meta property=\"og:site_name\" content=\"Adult Toys: Gro\u00dfhandel &amp; Custom OEM Hersteller | Aiersha\" \/>\n<meta property=\"article:publisher\" content=\"https:\/\/www.facebook.com\/asdoll2017\/\" \/>\n<meta property=\"article:modified_time\" content=\"2026-04-08T09:38:16+00:00\" \/>\n<meta name=\"twitter:card\" content=\"summary_large_image\" \/>\n<meta name=\"twitter:site\" content=\"@CathyHe8\" \/>\n<script type=\"application\/ld+json\" class=\"yoast-schema-graph\">{\"@context\":\"https:\\\/\\\/schema.org\",\"@graph\":[{\"@type\":\"WebPage\",\"@id\":\"https:\\\/\\\/aiersha.com\\\/de\\\/sexprodukte\\\/aiersha-sexspielzeug-fuer-frauen\\\/aiersha-vitality-vessel-thermal-resonance-column-dildo-aus-medizinischem-silikon\\\/\",\"url\":\"https:\\\/\\\/aiersha.com\\\/de\\\/sexprodukte\\\/aiersha-sexspielzeug-fuer-frauen\\\/aiersha-vitality-vessel-thermal-resonance-column-dildo-aus-medizinischem-silikon\\\/\",\"name\":\"Aiersha Vitality Vessel: Thermal Resonance Column Dildo aus medizinischem Silikon - Adult Toys: Gro\u00dfhandel &amp; Custom OEM Hersteller | Aiersha\",\"isPartOf\":{\"@id\":\"https:\\\/\\\/aiersha.com\\\/de\\\/#website\"},\"datePublished\":\"2026-04-08T09:18:23+00:00\",\"dateModified\":\"2026-04-08T09:38:16+00:00\",\"description\":\"Entdecke den Aiersha Vitality Vessel. Ein Premium-Dildo aus fl\u00fcssigem medizinischem Silikon, konzipiert f\u00fcr Sicherheit, Hautfreundlichkeit und \u00c4sthetik.\",\"breadcrumb\":{\"@id\":\"https:\\\/\\\/aiersha.com\\\/de\\\/sexprodukte\\\/aiersha-sexspielzeug-fuer-frauen\\\/aiersha-vitality-vessel-thermal-resonance-column-dildo-aus-medizinischem-silikon\\\/#breadcrumb\"},\"inLanguage\":\"de\",\"potentialAction\":[{\"@type\":\"ReadAction\",\"target\":[\"https:\\\/\\\/aiersha.com\\\/de\\\/sexprodukte\\\/aiersha-sexspielzeug-fuer-frauen\\\/aiersha-vitality-vessel-thermal-resonance-column-dildo-aus-medizinischem-silikon\\\/\"]}]},{\"@type\":\"BreadcrumbList\",\"@id\":\"https:\\\/\\\/aiersha.com\\\/de\\\/sexprodukte\\\/aiersha-sexspielzeug-fuer-frauen\\\/aiersha-vitality-vessel-thermal-resonance-column-dildo-aus-medizinischem-silikon\\\/#breadcrumb\",\"itemListElement\":[{\"@type\":\"ListItem\",\"position\":1,\"name\":\"Home\",\"item\":\"https:\\\/\\\/aiersha.com\\\/de\\\/\"},{\"@type\":\"ListItem\",\"position\":2,\"name\":\"Sexprodukte\",\"item\":\"https:\\\/\\\/aiersha.com\\\/de\\\/sex-product\\\/\"},{\"@type\":\"ListItem\",\"position\":3,\"name\":\"Sexspielzeug f\u00fcr Frauen\",\"item\":\"https:\\\/\\\/aiersha.com\\\/de\\\/sexprodukte\\\/aiersha-sexspielzeug-fuer-frauen\\\/\"},{\"@type\":\"ListItem\",\"position\":4,\"name\":\"Aiersha Vitality Vessel: Thermal Resonance Column Dildo aus medizinischem Silikon\"}]},{\"@type\":\"WebSite\",\"@id\":\"https:\\\/\\\/aiersha.com\\\/de\\\/#website\",\"url\":\"https:\\\/\\\/aiersha.com\\\/de\\\/\",\"name\":\"Aiersha | Luxury Intimacy Gift Sets for Women & Couples\",\"description\":\"Sexspielzeug f\u00fcr Frauen, M\u00e4nner und Paare\",\"potentialAction\":[{\"@type\":\"SearchAction\",\"target\":{\"@type\":\"EntryPoint\",\"urlTemplate\":\"https:\\\/\\\/aiersha.com\\\/de\\\/?s={search_term_string}\"},\"query-input\":{\"@type\":\"PropertyValueSpecification\",\"valueRequired\":true,\"valueName\":\"search_term_string\"}}],\"inLanguage\":\"de\"}]}<\/script>\n<!-- \/ Yoast SEO plugin. -->","yoast_head_json":{"title":"Aiersha Vitality Vessel: Thermal Resonance Column Dildo aus medizinischem Silikon - Adult Toys: Gro\u00dfhandel &amp; Custom OEM Hersteller | Aiersha","description":"Entdecke den Aiersha Vitality Vessel. Ein Premium-Dildo aus fl\u00fcssigem medizinischem Silikon, konzipiert f\u00fcr Sicherheit, Hautfreundlichkeit und \u00c4sthetik.","robots":{"index":"index","follow":"follow","max-snippet":"max-snippet:-1","max-image-preview":"max-image-preview:large","max-video-preview":"max-video-preview:-1"},"canonical":"https:\/\/aiersha.com\/de\/sexprodukte\/aiersha-sexspielzeug-fuer-frauen\/aiersha-vitality-vessel-thermal-resonance-column-dildo-aus-medizinischem-silikon\/","og_locale":"de_DE","og_type":"article","og_title":"Aiersha Vitality Vessel: Thermal Resonance Column Dildo aus medizinischem Silikon - Adult Toys: Gro\u00dfhandel &amp; Custom OEM Hersteller | Aiersha","og_description":"Entdecke den Aiersha Vitality Vessel. Ein Premium-Dildo aus fl\u00fcssigem medizinischem Silikon, konzipiert f\u00fcr Sicherheit, Hautfreundlichkeit und \u00c4sthetik.","og_url":"https:\/\/aiersha.com\/de\/sexprodukte\/aiersha-sexspielzeug-fuer-frauen\/aiersha-vitality-vessel-thermal-resonance-column-dildo-aus-medizinischem-silikon\/","og_site_name":"Adult Toys: Gro\u00dfhandel &amp; Custom OEM Hersteller | Aiersha","article_publisher":"https:\/\/www.facebook.com\/asdoll2017\/","article_modified_time":"2026-04-08T09:38:16+00:00","twitter_card":"summary_large_image","twitter_site":"@CathyHe8","schema":{"@context":"https:\/\/schema.org","@graph":[{"@type":"WebPage","@id":"https:\/\/aiersha.com\/de\/sexprodukte\/aiersha-sexspielzeug-fuer-frauen\/aiersha-vitality-vessel-thermal-resonance-column-dildo-aus-medizinischem-silikon\/","url":"https:\/\/aiersha.com\/de\/sexprodukte\/aiersha-sexspielzeug-fuer-frauen\/aiersha-vitality-vessel-thermal-resonance-column-dildo-aus-medizinischem-silikon\/","name":"Aiersha Vitality Vessel: Thermal Resonance Column Dildo aus medizinischem Silikon - Adult Toys: Gro\u00dfhandel &amp; Custom OEM Hersteller | Aiersha","isPartOf":{"@id":"https:\/\/aiersha.com\/de\/#website"},"datePublished":"2026-04-08T09:18:23+00:00","dateModified":"2026-04-08T09:38:16+00:00","description":"Entdecke den Aiersha Vitality Vessel. Ein Premium-Dildo aus fl\u00fcssigem medizinischem Silikon, konzipiert f\u00fcr Sicherheit, Hautfreundlichkeit und \u00c4sthetik.","breadcrumb":{"@id":"https:\/\/aiersha.com\/de\/sexprodukte\/aiersha-sexspielzeug-fuer-frauen\/aiersha-vitality-vessel-thermal-resonance-column-dildo-aus-medizinischem-silikon\/#breadcrumb"},"inLanguage":"de","potentialAction":[{"@type":"ReadAction","target":["https:\/\/aiersha.com\/de\/sexprodukte\/aiersha-sexspielzeug-fuer-frauen\/aiersha-vitality-vessel-thermal-resonance-column-dildo-aus-medizinischem-silikon\/"]}]},{"@type":"BreadcrumbList","@id":"https:\/\/aiersha.com\/de\/sexprodukte\/aiersha-sexspielzeug-fuer-frauen\/aiersha-vitality-vessel-thermal-resonance-column-dildo-aus-medizinischem-silikon\/#breadcrumb","itemListElement":[{"@type":"ListItem","position":1,"name":"Home","item":"https:\/\/aiersha.com\/de\/"},{"@type":"ListItem","position":2,"name":"Sexprodukte","item":"https:\/\/aiersha.com\/de\/sex-product\/"},{"@type":"ListItem","position":3,"name":"Sexspielzeug f\u00fcr Frauen","item":"https:\/\/aiersha.com\/de\/sexprodukte\/aiersha-sexspielzeug-fuer-frauen\/"},{"@type":"ListItem","position":4,"name":"Aiersha Vitality Vessel: Thermal Resonance Column Dildo aus medizinischem Silikon"}]},{"@type":"WebSite","@id":"https:\/\/aiersha.com\/de\/#website","url":"https:\/\/aiersha.com\/de\/","name":"Aiersha | Luxury Intimacy Gift Sets for Women & Couples","description":"Sexspielzeug f\u00fcr Frauen, M\u00e4nner und Paare","potentialAction":[{"@type":"SearchAction","target":{"@type":"EntryPoint","urlTemplate":"https:\/\/aiersha.com\/de\/?s={search_term_string}"},"query-input":{"@type":"PropertyValueSpecification","valueRequired":true,"valueName":"search_term_string"}}],"inLanguage":"de"}]}},"_links":{"self":[{"href":"https:\/\/aiersha.com\/de\/wp-json\/wp\/v2\/pages\/4560","targetHints":{"allow":["GET"]}}],"collection":[{"href":"https:\/\/aiersha.com\/de\/wp-json\/wp\/v2\/pages"}],"about":[{"href":"https:\/\/aiersha.com\/de\/wp-json\/wp\/v2\/types\/page"}],"author":[{"embeddable":true,"href":"https:\/\/aiersha.com\/de\/wp-json\/wp\/v2\/users\/1"}],"replies":[{"embeddable":true,"href":"https:\/\/aiersha.com\/de\/wp-json\/wp\/v2\/comments?post=4560"}],"version-history":[{"count":2,"href":"https:\/\/aiersha.com\/de\/wp-json\/wp\/v2\/pages\/4560\/revisions"}],"predecessor-version":[{"id":4564,"href":"https:\/\/aiersha.com\/de\/wp-json\/wp\/v2\/pages\/4560\/revisions\/4564"}],"up":[{"embeddable":true,"href":"https:\/\/aiersha.com\/de\/wp-json\/wp\/v2\/pages\/3002"}],"wp:featuredmedia":[{"embeddable":true,"href":"https:\/\/aiersha.com\/de\/wp-json\/"}],"wp:attachment":[{"href":"https:\/\/aiersha.com\/de\/wp-json\/wp\/v2\/media?parent=4560"}],"curies":[{"name":"wp","href":"https:\/\/api.w.org\/{rel}","templated":true}]}}