{"id":4061,"date":"2026-02-09T10:46:00","date_gmt":"2026-02-09T10:46:00","guid":{"rendered":"https:\/\/aiersha.com\/aiersha-chroma-line-full-size-liquid-silicone-dildo-available-in-s-m-l\/"},"modified":"2026-02-23T09:40:16","modified_gmt":"2026-02-23T09:40:16","slug":"aiersha-chroma-line-klassischer-silikondildo-s-m-l","status":"publish","type":"page","link":"https:\/\/aiersha.com\/de\/sexprodukte\/aiersha-sexspielzeug-fuer-frauen\/aiersha-chroma-line-klassischer-silikondildo-s-m-l\/","title":{"rendered":"Aiersha Chroma Line: Klassischer Silikondildo (S, M, L)"},"content":{"rendered":"","protected":false},"excerpt":{"rendered":"","protected":false},"author":1,"featured_media":0,"parent":3002,"menu_order":0,"comment_status":"closed","ping_status":"closed","template":"","meta":{"footnotes":""},"class_list":["post-4061","page","type-page","status-publish","hentry"],"yoast_head":"<!-- This site is optimized with the Yoast SEO plugin v27.4 - https:\/\/yoast.com\/product\/yoast-seo-wordpress\/ -->\n<title>Aiersha Chroma Line: Full-Size Liquid Silicone Dildo - Adult Toys: Gro\u00dfhandel &amp; Custom OEM Hersteller | Aiersha<\/title>\n<meta name=\"description\" content=\"Aiersha Chroma Line: Hochwertige Fl\u00fcssigsilikon-Dildos in drei Gr\u00f6\u00dfen. Erleben Sie pure Farbe und definierte Kraft in einer klassischen, geraden Form.\" \/>\n<meta name=\"robots\" content=\"index, follow, max-snippet:-1, max-image-preview:large, max-video-preview:-1\" \/>\n<link rel=\"canonical\" href=\"https:\/\/aiersha.com\/de\/sexprodukte\/aiersha-sexspielzeug-fuer-frauen\/aiersha-chroma-line-klassischer-silikondildo-s-m-l\/\" \/>\n<meta property=\"og:locale\" content=\"de_DE\" \/>\n<meta property=\"og:type\" content=\"article\" \/>\n<meta property=\"og:title\" content=\"Aiersha Chroma Line: Full-Size Liquid Silicone Dildo - Adult Toys: Gro\u00dfhandel &amp; Custom OEM Hersteller | Aiersha\" \/>\n<meta property=\"og:description\" content=\"Aiersha Chroma Line: Hochwertige Fl\u00fcssigsilikon-Dildos in drei Gr\u00f6\u00dfen. Erleben Sie pure Farbe und definierte Kraft in einer klassischen, geraden Form.\" \/>\n<meta property=\"og:url\" content=\"https:\/\/aiersha.com\/de\/sexprodukte\/aiersha-sexspielzeug-fuer-frauen\/aiersha-chroma-line-klassischer-silikondildo-s-m-l\/\" \/>\n<meta property=\"og:site_name\" content=\"Adult Toys: Gro\u00dfhandel &amp; Custom OEM Hersteller | Aiersha\" \/>\n<meta property=\"article:publisher\" content=\"https:\/\/www.facebook.com\/asdoll2017\/\" \/>\n<meta property=\"article:modified_time\" content=\"2026-02-23T09:40:16+00:00\" \/>\n<meta name=\"twitter:card\" content=\"summary_large_image\" \/>\n<meta name=\"twitter:site\" content=\"@CathyHe8\" \/>\n<script type=\"application\/ld+json\" class=\"yoast-schema-graph\">{\"@context\":\"https:\\\/\\\/schema.org\",\"@graph\":[{\"@type\":\"WebPage\",\"@id\":\"https:\\\/\\\/aiersha.com\\\/de\\\/sexprodukte\\\/aiersha-sexspielzeug-fuer-frauen\\\/aiersha-chroma-line-klassischer-silikondildo-s-m-l\\\/\",\"url\":\"https:\\\/\\\/aiersha.com\\\/de\\\/sexprodukte\\\/aiersha-sexspielzeug-fuer-frauen\\\/aiersha-chroma-line-klassischer-silikondildo-s-m-l\\\/\",\"name\":\"Aiersha Chroma Line: Full-Size Liquid Silicone Dildo - Adult Toys: Gro\u00dfhandel &amp; Custom OEM Hersteller | Aiersha\",\"isPartOf\":{\"@id\":\"https:\\\/\\\/aiersha.com\\\/de\\\/#website\"},\"datePublished\":\"2026-02-09T10:46:00+00:00\",\"dateModified\":\"2026-02-23T09:40:16+00:00\",\"description\":\"Aiersha Chroma Line: Hochwertige Fl\u00fcssigsilikon-Dildos in drei Gr\u00f6\u00dfen. Erleben Sie pure Farbe und definierte Kraft in einer klassischen, geraden Form.\",\"breadcrumb\":{\"@id\":\"https:\\\/\\\/aiersha.com\\\/de\\\/sexprodukte\\\/aiersha-sexspielzeug-fuer-frauen\\\/aiersha-chroma-line-klassischer-silikondildo-s-m-l\\\/#breadcrumb\"},\"inLanguage\":\"de\",\"potentialAction\":[{\"@type\":\"ReadAction\",\"target\":[\"https:\\\/\\\/aiersha.com\\\/de\\\/sexprodukte\\\/aiersha-sexspielzeug-fuer-frauen\\\/aiersha-chroma-line-klassischer-silikondildo-s-m-l\\\/\"]}]},{\"@type\":\"BreadcrumbList\",\"@id\":\"https:\\\/\\\/aiersha.com\\\/de\\\/sexprodukte\\\/aiersha-sexspielzeug-fuer-frauen\\\/aiersha-chroma-line-klassischer-silikondildo-s-m-l\\\/#breadcrumb\",\"itemListElement\":[{\"@type\":\"ListItem\",\"position\":1,\"name\":\"Home\",\"item\":\"https:\\\/\\\/aiersha.com\\\/de\\\/\"},{\"@type\":\"ListItem\",\"position\":2,\"name\":\"Aiersha Chroma Line: Klassischer Silikondildo (S, M, L)\"}]},{\"@type\":\"WebSite\",\"@id\":\"https:\\\/\\\/aiersha.com\\\/de\\\/#website\",\"url\":\"https:\\\/\\\/aiersha.com\\\/de\\\/\",\"name\":\"Aiersha | Luxury Intimacy Gift Sets for Women & Couples\",\"description\":\"Sexspielzeug f\u00fcr Frauen, M\u00e4nner und Paare\",\"potentialAction\":[{\"@type\":\"SearchAction\",\"target\":{\"@type\":\"EntryPoint\",\"urlTemplate\":\"https:\\\/\\\/aiersha.com\\\/de\\\/?s={search_term_string}\"},\"query-input\":{\"@type\":\"PropertyValueSpecification\",\"valueRequired\":true,\"valueName\":\"search_term_string\"}}],\"inLanguage\":\"de\"}]}<\/script>\n<!-- \/ Yoast SEO plugin. -->","yoast_head_json":{"title":"Aiersha Chroma Line: Full-Size Liquid Silicone Dildo - Adult Toys: Gro\u00dfhandel &amp; Custom OEM Hersteller | Aiersha","description":"Aiersha Chroma Line: Hochwertige Fl\u00fcssigsilikon-Dildos in drei Gr\u00f6\u00dfen. Erleben Sie pure Farbe und definierte Kraft in einer klassischen, geraden Form.","robots":{"index":"index","follow":"follow","max-snippet":"max-snippet:-1","max-image-preview":"max-image-preview:large","max-video-preview":"max-video-preview:-1"},"canonical":"https:\/\/aiersha.com\/de\/sexprodukte\/aiersha-sexspielzeug-fuer-frauen\/aiersha-chroma-line-klassischer-silikondildo-s-m-l\/","og_locale":"de_DE","og_type":"article","og_title":"Aiersha Chroma Line: Full-Size Liquid Silicone Dildo - Adult Toys: Gro\u00dfhandel &amp; Custom OEM Hersteller | Aiersha","og_description":"Aiersha Chroma Line: Hochwertige Fl\u00fcssigsilikon-Dildos in drei Gr\u00f6\u00dfen. Erleben Sie pure Farbe und definierte Kraft in einer klassischen, geraden Form.","og_url":"https:\/\/aiersha.com\/de\/sexprodukte\/aiersha-sexspielzeug-fuer-frauen\/aiersha-chroma-line-klassischer-silikondildo-s-m-l\/","og_site_name":"Adult Toys: Gro\u00dfhandel &amp; Custom OEM Hersteller | Aiersha","article_publisher":"https:\/\/www.facebook.com\/asdoll2017\/","article_modified_time":"2026-02-23T09:40:16+00:00","twitter_card":"summary_large_image","twitter_site":"@CathyHe8","schema":{"@context":"https:\/\/schema.org","@graph":[{"@type":"WebPage","@id":"https:\/\/aiersha.com\/de\/sexprodukte\/aiersha-sexspielzeug-fuer-frauen\/aiersha-chroma-line-klassischer-silikondildo-s-m-l\/","url":"https:\/\/aiersha.com\/de\/sexprodukte\/aiersha-sexspielzeug-fuer-frauen\/aiersha-chroma-line-klassischer-silikondildo-s-m-l\/","name":"Aiersha Chroma Line: Full-Size Liquid Silicone Dildo - Adult Toys: Gro\u00dfhandel &amp; Custom OEM Hersteller | Aiersha","isPartOf":{"@id":"https:\/\/aiersha.com\/de\/#website"},"datePublished":"2026-02-09T10:46:00+00:00","dateModified":"2026-02-23T09:40:16+00:00","description":"Aiersha Chroma Line: Hochwertige Fl\u00fcssigsilikon-Dildos in drei Gr\u00f6\u00dfen. Erleben Sie pure Farbe und definierte Kraft in einer klassischen, geraden Form.","breadcrumb":{"@id":"https:\/\/aiersha.com\/de\/sexprodukte\/aiersha-sexspielzeug-fuer-frauen\/aiersha-chroma-line-klassischer-silikondildo-s-m-l\/#breadcrumb"},"inLanguage":"de","potentialAction":[{"@type":"ReadAction","target":["https:\/\/aiersha.com\/de\/sexprodukte\/aiersha-sexspielzeug-fuer-frauen\/aiersha-chroma-line-klassischer-silikondildo-s-m-l\/"]}]},{"@type":"BreadcrumbList","@id":"https:\/\/aiersha.com\/de\/sexprodukte\/aiersha-sexspielzeug-fuer-frauen\/aiersha-chroma-line-klassischer-silikondildo-s-m-l\/#breadcrumb","itemListElement":[{"@type":"ListItem","position":1,"name":"Home","item":"https:\/\/aiersha.com\/de\/"},{"@type":"ListItem","position":2,"name":"Aiersha Chroma Line: Klassischer Silikondildo (S, M, L)"}]},{"@type":"WebSite","@id":"https:\/\/aiersha.com\/de\/#website","url":"https:\/\/aiersha.com\/de\/","name":"Aiersha | Luxury Intimacy Gift Sets for Women & Couples","description":"Sexspielzeug f\u00fcr Frauen, M\u00e4nner und Paare","potentialAction":[{"@type":"SearchAction","target":{"@type":"EntryPoint","urlTemplate":"https:\/\/aiersha.com\/de\/?s={search_term_string}"},"query-input":{"@type":"PropertyValueSpecification","valueRequired":true,"valueName":"search_term_string"}}],"inLanguage":"de"}]}},"_links":{"self":[{"href":"https:\/\/aiersha.com\/de\/wp-json\/wp\/v2\/pages\/4061","targetHints":{"allow":["GET"]}}],"collection":[{"href":"https:\/\/aiersha.com\/de\/wp-json\/wp\/v2\/pages"}],"about":[{"href":"https:\/\/aiersha.com\/de\/wp-json\/wp\/v2\/types\/page"}],"author":[{"embeddable":true,"href":"https:\/\/aiersha.com\/de\/wp-json\/wp\/v2\/users\/1"}],"replies":[{"embeddable":true,"href":"https:\/\/aiersha.com\/de\/wp-json\/wp\/v2\/comments?post=4061"}],"version-history":[{"count":2,"href":"https:\/\/aiersha.com\/de\/wp-json\/wp\/v2\/pages\/4061\/revisions"}],"predecessor-version":[{"id":4065,"href":"https:\/\/aiersha.com\/de\/wp-json\/wp\/v2\/pages\/4061\/revisions\/4065"}],"up":[{"embeddable":true,"href":"https:\/\/aiersha.com\/de\/wp-json\/wp\/v2\/pages\/3002"}],"wp:attachment":[{"href":"https:\/\/aiersha.com\/de\/wp-json\/wp\/v2\/media?parent=4061"}],"curies":[{"name":"wp","href":"https:\/\/api.w.org\/{rel}","templated":true}]}}