{"id":4053,"date":"2026-02-10T09:10:06","date_gmt":"2026-02-10T09:10:06","guid":{"rendered":"https:\/\/aiersha.com\/sexprodukte\/aiersha-sexspielzeug-fuer-frauen\/aiersha-halo-arc-medium-full-size-curved-liquid-silicone-dildo\/"},"modified":"2026-02-20T10:50:28","modified_gmt":"2026-02-20T10:50:28","slug":"aiersha-halo-arc-mittelgrosser-g-punkt-silikondildo","status":"publish","type":"page","link":"https:\/\/aiersha.com\/de\/sexprodukte\/aiersha-sexspielzeug-fuer-frauen\/aiersha-halo-arc-mittelgrosser-g-punkt-silikondildo\/","title":{"rendered":"Aiersha Halo Arc: Mittelgro\u00dfer G-Punkt Silikondildo"},"content":{"rendered":"","protected":false},"excerpt":{"rendered":"","protected":false},"author":1,"featured_media":-1,"parent":3002,"menu_order":0,"comment_status":"closed","ping_status":"closed","template":"","meta":{"footnotes":""},"class_list":["post-4053","page","type-page","status-publish","has-post-thumbnail","hentry"],"yoast_head":"<!-- This site is optimized with the Yoast SEO plugin v27.3 - https:\/\/yoast.com\/product\/yoast-seo-wordpress\/ -->\n<title>Aiersha Halo Arc: Mittelgro\u00dfer G-Punkt Silikondildo - Adult Toys: Gro\u00dfhandel &amp; Custom OEM Hersteller | Aiersha<\/title>\n<meta name=\"description\" content=\"Der Aiersha Halo Arc: Ein ergonomisch geschwungener Dildo aus Premium-Fl\u00fcssigsilikon. Perfekte Balance aus Gr\u00f6\u00dfe und Komfort f\u00fcr gezielte Stimulation.\" \/>\n<meta name=\"robots\" content=\"index, follow, max-snippet:-1, max-image-preview:large, max-video-preview:-1\" \/>\n<link rel=\"canonical\" href=\"https:\/\/aiersha.com\/de\/sexprodukte\/aiersha-sexspielzeug-fuer-frauen\/aiersha-halo-arc-mittelgrosser-g-punkt-silikondildo\/\" \/>\n<meta property=\"og:locale\" content=\"de_DE\" \/>\n<meta property=\"og:type\" content=\"article\" \/>\n<meta property=\"og:title\" content=\"Aiersha Halo Arc: Mittelgro\u00dfer G-Punkt Silikondildo - Adult Toys: Gro\u00dfhandel &amp; Custom OEM Hersteller | Aiersha\" \/>\n<meta property=\"og:description\" content=\"Der Aiersha Halo Arc: Ein ergonomisch geschwungener Dildo aus Premium-Fl\u00fcssigsilikon. Perfekte Balance aus Gr\u00f6\u00dfe und Komfort f\u00fcr gezielte Stimulation.\" \/>\n<meta property=\"og:url\" content=\"https:\/\/aiersha.com\/de\/sexprodukte\/aiersha-sexspielzeug-fuer-frauen\/aiersha-halo-arc-mittelgrosser-g-punkt-silikondildo\/\" \/>\n<meta property=\"og:site_name\" content=\"Adult Toys: Gro\u00dfhandel &amp; Custom OEM Hersteller | Aiersha\" \/>\n<meta property=\"article:publisher\" content=\"https:\/\/www.facebook.com\/asdoll2017\/\" \/>\n<meta property=\"article:modified_time\" content=\"2026-02-20T10:50:28+00:00\" \/>\n<meta name=\"twitter:card\" content=\"summary_large_image\" \/>\n<meta name=\"twitter:site\" content=\"@CathyHe8\" \/>\n<script type=\"application\/ld+json\" class=\"yoast-schema-graph\">{\"@context\":\"https:\\\/\\\/schema.org\",\"@graph\":[{\"@type\":\"WebPage\",\"@id\":\"https:\\\/\\\/aiersha.com\\\/de\\\/sexprodukte\\\/aiersha-sexspielzeug-fuer-frauen\\\/aiersha-halo-arc-mittelgrosser-g-punkt-silikondildo\\\/\",\"url\":\"https:\\\/\\\/aiersha.com\\\/de\\\/sexprodukte\\\/aiersha-sexspielzeug-fuer-frauen\\\/aiersha-halo-arc-mittelgrosser-g-punkt-silikondildo\\\/\",\"name\":\"Aiersha Halo Arc: Mittelgro\u00dfer G-Punkt Silikondildo - Adult Toys: Gro\u00dfhandel &amp; Custom OEM Hersteller | Aiersha\",\"isPartOf\":{\"@id\":\"https:\\\/\\\/aiersha.com\\\/de\\\/#website\"},\"datePublished\":\"2026-02-10T09:10:06+00:00\",\"dateModified\":\"2026-02-20T10:50:28+00:00\",\"description\":\"Der Aiersha Halo Arc: Ein ergonomisch geschwungener Dildo aus Premium-Fl\u00fcssigsilikon. Perfekte Balance aus Gr\u00f6\u00dfe und Komfort f\u00fcr gezielte Stimulation.\",\"breadcrumb\":{\"@id\":\"https:\\\/\\\/aiersha.com\\\/de\\\/sexprodukte\\\/aiersha-sexspielzeug-fuer-frauen\\\/aiersha-halo-arc-mittelgrosser-g-punkt-silikondildo\\\/#breadcrumb\"},\"inLanguage\":\"de\",\"potentialAction\":[{\"@type\":\"ReadAction\",\"target\":[\"https:\\\/\\\/aiersha.com\\\/de\\\/sexprodukte\\\/aiersha-sexspielzeug-fuer-frauen\\\/aiersha-halo-arc-mittelgrosser-g-punkt-silikondildo\\\/\"]}]},{\"@type\":\"BreadcrumbList\",\"@id\":\"https:\\\/\\\/aiersha.com\\\/de\\\/sexprodukte\\\/aiersha-sexspielzeug-fuer-frauen\\\/aiersha-halo-arc-mittelgrosser-g-punkt-silikondildo\\\/#breadcrumb\",\"itemListElement\":[{\"@type\":\"ListItem\",\"position\":1,\"name\":\"Home\",\"item\":\"https:\\\/\\\/aiersha.com\\\/de\\\/\"},{\"@type\":\"ListItem\",\"position\":2,\"name\":\"Sexprodukte\",\"item\":\"https:\\\/\\\/aiersha.com\\\/de\\\/sex-product\\\/\"},{\"@type\":\"ListItem\",\"position\":3,\"name\":\"Sexspielzeug f\u00fcr Frauen\",\"item\":\"https:\\\/\\\/aiersha.com\\\/de\\\/sexprodukte\\\/aiersha-sexspielzeug-fuer-frauen\\\/\"},{\"@type\":\"ListItem\",\"position\":4,\"name\":\"Aiersha Halo Arc: Mittelgro\u00dfer G-Punkt Silikondildo\"}]},{\"@type\":\"WebSite\",\"@id\":\"https:\\\/\\\/aiersha.com\\\/de\\\/#website\",\"url\":\"https:\\\/\\\/aiersha.com\\\/de\\\/\",\"name\":\"Aiersha | Luxury Intimacy Gift Sets for Women & Couples\",\"description\":\"Sexspielzeug f\u00fcr Frauen, M\u00e4nner und Paare\",\"potentialAction\":[{\"@type\":\"SearchAction\",\"target\":{\"@type\":\"EntryPoint\",\"urlTemplate\":\"https:\\\/\\\/aiersha.com\\\/de\\\/?s={search_term_string}\"},\"query-input\":{\"@type\":\"PropertyValueSpecification\",\"valueRequired\":true,\"valueName\":\"search_term_string\"}}],\"inLanguage\":\"de\"}]}<\/script>\n<!-- \/ Yoast SEO plugin. -->","yoast_head_json":{"title":"Aiersha Halo Arc: Mittelgro\u00dfer G-Punkt Silikondildo - Adult Toys: Gro\u00dfhandel &amp; Custom OEM Hersteller | Aiersha","description":"Der Aiersha Halo Arc: Ein ergonomisch geschwungener Dildo aus Premium-Fl\u00fcssigsilikon. Perfekte Balance aus Gr\u00f6\u00dfe und Komfort f\u00fcr gezielte Stimulation.","robots":{"index":"index","follow":"follow","max-snippet":"max-snippet:-1","max-image-preview":"max-image-preview:large","max-video-preview":"max-video-preview:-1"},"canonical":"https:\/\/aiersha.com\/de\/sexprodukte\/aiersha-sexspielzeug-fuer-frauen\/aiersha-halo-arc-mittelgrosser-g-punkt-silikondildo\/","og_locale":"de_DE","og_type":"article","og_title":"Aiersha Halo Arc: Mittelgro\u00dfer G-Punkt Silikondildo - Adult Toys: Gro\u00dfhandel &amp; Custom OEM Hersteller | Aiersha","og_description":"Der Aiersha Halo Arc: Ein ergonomisch geschwungener Dildo aus Premium-Fl\u00fcssigsilikon. Perfekte Balance aus Gr\u00f6\u00dfe und Komfort f\u00fcr gezielte Stimulation.","og_url":"https:\/\/aiersha.com\/de\/sexprodukte\/aiersha-sexspielzeug-fuer-frauen\/aiersha-halo-arc-mittelgrosser-g-punkt-silikondildo\/","og_site_name":"Adult Toys: Gro\u00dfhandel &amp; Custom OEM Hersteller | Aiersha","article_publisher":"https:\/\/www.facebook.com\/asdoll2017\/","article_modified_time":"2026-02-20T10:50:28+00:00","twitter_card":"summary_large_image","twitter_site":"@CathyHe8","schema":{"@context":"https:\/\/schema.org","@graph":[{"@type":"WebPage","@id":"https:\/\/aiersha.com\/de\/sexprodukte\/aiersha-sexspielzeug-fuer-frauen\/aiersha-halo-arc-mittelgrosser-g-punkt-silikondildo\/","url":"https:\/\/aiersha.com\/de\/sexprodukte\/aiersha-sexspielzeug-fuer-frauen\/aiersha-halo-arc-mittelgrosser-g-punkt-silikondildo\/","name":"Aiersha Halo Arc: Mittelgro\u00dfer G-Punkt Silikondildo - Adult Toys: Gro\u00dfhandel &amp; Custom OEM Hersteller | Aiersha","isPartOf":{"@id":"https:\/\/aiersha.com\/de\/#website"},"datePublished":"2026-02-10T09:10:06+00:00","dateModified":"2026-02-20T10:50:28+00:00","description":"Der Aiersha Halo Arc: Ein ergonomisch geschwungener Dildo aus Premium-Fl\u00fcssigsilikon. Perfekte Balance aus Gr\u00f6\u00dfe und Komfort f\u00fcr gezielte Stimulation.","breadcrumb":{"@id":"https:\/\/aiersha.com\/de\/sexprodukte\/aiersha-sexspielzeug-fuer-frauen\/aiersha-halo-arc-mittelgrosser-g-punkt-silikondildo\/#breadcrumb"},"inLanguage":"de","potentialAction":[{"@type":"ReadAction","target":["https:\/\/aiersha.com\/de\/sexprodukte\/aiersha-sexspielzeug-fuer-frauen\/aiersha-halo-arc-mittelgrosser-g-punkt-silikondildo\/"]}]},{"@type":"BreadcrumbList","@id":"https:\/\/aiersha.com\/de\/sexprodukte\/aiersha-sexspielzeug-fuer-frauen\/aiersha-halo-arc-mittelgrosser-g-punkt-silikondildo\/#breadcrumb","itemListElement":[{"@type":"ListItem","position":1,"name":"Home","item":"https:\/\/aiersha.com\/de\/"},{"@type":"ListItem","position":2,"name":"Sexprodukte","item":"https:\/\/aiersha.com\/de\/sex-product\/"},{"@type":"ListItem","position":3,"name":"Sexspielzeug f\u00fcr Frauen","item":"https:\/\/aiersha.com\/de\/sexprodukte\/aiersha-sexspielzeug-fuer-frauen\/"},{"@type":"ListItem","position":4,"name":"Aiersha Halo Arc: Mittelgro\u00dfer G-Punkt Silikondildo"}]},{"@type":"WebSite","@id":"https:\/\/aiersha.com\/de\/#website","url":"https:\/\/aiersha.com\/de\/","name":"Aiersha | Luxury Intimacy Gift Sets for Women & Couples","description":"Sexspielzeug f\u00fcr Frauen, M\u00e4nner und Paare","potentialAction":[{"@type":"SearchAction","target":{"@type":"EntryPoint","urlTemplate":"https:\/\/aiersha.com\/de\/?s={search_term_string}"},"query-input":{"@type":"PropertyValueSpecification","valueRequired":true,"valueName":"search_term_string"}}],"inLanguage":"de"}]}},"_links":{"self":[{"href":"https:\/\/aiersha.com\/de\/wp-json\/wp\/v2\/pages\/4053","targetHints":{"allow":["GET"]}}],"collection":[{"href":"https:\/\/aiersha.com\/de\/wp-json\/wp\/v2\/pages"}],"about":[{"href":"https:\/\/aiersha.com\/de\/wp-json\/wp\/v2\/types\/page"}],"author":[{"embeddable":true,"href":"https:\/\/aiersha.com\/de\/wp-json\/wp\/v2\/users\/1"}],"replies":[{"embeddable":true,"href":"https:\/\/aiersha.com\/de\/wp-json\/wp\/v2\/comments?post=4053"}],"version-history":[{"count":2,"href":"https:\/\/aiersha.com\/de\/wp-json\/wp\/v2\/pages\/4053\/revisions"}],"predecessor-version":[{"id":4057,"href":"https:\/\/aiersha.com\/de\/wp-json\/wp\/v2\/pages\/4053\/revisions\/4057"}],"up":[{"embeddable":true,"href":"https:\/\/aiersha.com\/de\/wp-json\/wp\/v2\/pages\/3002"}],"wp:featuredmedia":[{"embeddable":true,"href":"https:\/\/aiersha.com\/de\/wp-json\/"}],"wp:attachment":[{"href":"https:\/\/aiersha.com\/de\/wp-json\/wp\/v2\/media?parent=4053"}],"curies":[{"name":"wp","href":"https:\/\/api.w.org\/{rel}","templated":true}]}}