{"id":3930,"date":"2025-11-12T09:09:29","date_gmt":"2025-11-12T09:09:29","guid":{"rendered":"https:\/\/aiersha.com\/sexprodukte\/sexspielzeuge-fuer-maenner\/masturbation-cup\/"},"modified":"2026-02-18T10:15:25","modified_gmt":"2026-02-18T10:15:25","slug":"masturbations-cups","status":"publish","type":"page","link":"https:\/\/aiersha.com\/de\/sexprodukte\/sexspielzeuge-fuer-maenner\/masturbations-cups\/","title":{"rendered":"Masturbations-Cups"},"content":{"rendered":"","protected":false},"excerpt":{"rendered":"","protected":false},"author":1,"featured_media":-1,"parent":3016,"menu_order":0,"comment_status":"closed","ping_status":"closed","template":"","meta":{"footnotes":""},"class_list":["post-3930","page","type-page","status-publish","has-post-thumbnail","hentry"],"yoast_head":"<!-- This site is optimized with the Yoast SEO plugin v27.3 - https:\/\/yoast.com\/product\/yoast-seo-wordpress\/ -->\n<title>Masturbations-Cups - Adult Toys: Gro\u00dfhandel &amp; Custom OEM Hersteller | Aiersha<\/title>\n<meta name=\"description\" content=\"Innovative Masturbations-Cups f\u00fcr realistisches Empfinden. Diskret, hygienisch und perfekt f\u00fcr Dein Solo-Ritual. Jetzt neue H\u00f6hepunkte erleben!\" \/>\n<meta name=\"robots\" content=\"index, follow, max-snippet:-1, max-image-preview:large, max-video-preview:-1\" \/>\n<link rel=\"canonical\" href=\"https:\/\/aiersha.com\/de\/sexprodukte\/sexspielzeuge-fuer-maenner\/masturbations-cups\/\" \/>\n<meta property=\"og:locale\" content=\"de_DE\" \/>\n<meta property=\"og:type\" content=\"article\" \/>\n<meta property=\"og:title\" content=\"Masturbations-Cups - Adult Toys: Gro\u00dfhandel &amp; Custom OEM Hersteller | Aiersha\" \/>\n<meta property=\"og:description\" content=\"Innovative Masturbations-Cups f\u00fcr realistisches Empfinden. Diskret, hygienisch und perfekt f\u00fcr Dein Solo-Ritual. Jetzt neue H\u00f6hepunkte erleben!\" \/>\n<meta property=\"og:url\" content=\"https:\/\/aiersha.com\/de\/sexprodukte\/sexspielzeuge-fuer-maenner\/masturbations-cups\/\" \/>\n<meta property=\"og:site_name\" content=\"Adult Toys: Gro\u00dfhandel &amp; Custom OEM Hersteller | Aiersha\" \/>\n<meta property=\"article:publisher\" content=\"https:\/\/www.facebook.com\/asdoll2017\/\" \/>\n<meta property=\"article:modified_time\" content=\"2026-02-18T10:15:25+00:00\" \/>\n<meta name=\"twitter:card\" content=\"summary_large_image\" \/>\n<meta name=\"twitter:site\" content=\"@CathyHe8\" \/>\n<script type=\"application\/ld+json\" class=\"yoast-schema-graph\">{\"@context\":\"https:\\\/\\\/schema.org\",\"@graph\":[{\"@type\":\"WebPage\",\"@id\":\"https:\\\/\\\/aiersha.com\\\/de\\\/sexprodukte\\\/sexspielzeuge-fuer-maenner\\\/masturbations-cups\\\/\",\"url\":\"https:\\\/\\\/aiersha.com\\\/de\\\/sexprodukte\\\/sexspielzeuge-fuer-maenner\\\/masturbations-cups\\\/\",\"name\":\"Masturbations-Cups - Adult Toys: Gro\u00dfhandel &amp; Custom OEM Hersteller | Aiersha\",\"isPartOf\":{\"@id\":\"https:\\\/\\\/aiersha.com\\\/de\\\/#website\"},\"datePublished\":\"2025-11-12T09:09:29+00:00\",\"dateModified\":\"2026-02-18T10:15:25+00:00\",\"description\":\"Innovative Masturbations-Cups f\u00fcr realistisches Empfinden. Diskret, hygienisch und perfekt f\u00fcr Dein Solo-Ritual. Jetzt neue H\u00f6hepunkte erleben!\",\"breadcrumb\":{\"@id\":\"https:\\\/\\\/aiersha.com\\\/de\\\/sexprodukte\\\/sexspielzeuge-fuer-maenner\\\/masturbations-cups\\\/#breadcrumb\"},\"inLanguage\":\"de\",\"potentialAction\":[{\"@type\":\"ReadAction\",\"target\":[\"https:\\\/\\\/aiersha.com\\\/de\\\/sexprodukte\\\/sexspielzeuge-fuer-maenner\\\/masturbations-cups\\\/\"]}]},{\"@type\":\"BreadcrumbList\",\"@id\":\"https:\\\/\\\/aiersha.com\\\/de\\\/sexprodukte\\\/sexspielzeuge-fuer-maenner\\\/masturbations-cups\\\/#breadcrumb\",\"itemListElement\":[{\"@type\":\"ListItem\",\"position\":1,\"name\":\"Home\",\"item\":\"https:\\\/\\\/aiersha.com\\\/de\\\/\"},{\"@type\":\"ListItem\",\"position\":2,\"name\":\"Sexprodukte\",\"item\":\"https:\\\/\\\/aiersha.com\\\/de\\\/sex-product\\\/\"},{\"@type\":\"ListItem\",\"position\":3,\"name\":\"Sexspielzeuge f\u00fcr M\u00e4nner\",\"item\":\"https:\\\/\\\/aiersha.com\\\/de\\\/juguetes-sexuales\\\/juguetes-sexuales-para-hombres\\\/\"},{\"@type\":\"ListItem\",\"position\":4,\"name\":\"Masturbations-Cups\"}]},{\"@type\":\"WebSite\",\"@id\":\"https:\\\/\\\/aiersha.com\\\/de\\\/#website\",\"url\":\"https:\\\/\\\/aiersha.com\\\/de\\\/\",\"name\":\"Aiersha | Luxury Intimacy Gift Sets for Women & Couples\",\"description\":\"Sexspielzeug f\u00fcr Frauen, M\u00e4nner und Paare\",\"potentialAction\":[{\"@type\":\"SearchAction\",\"target\":{\"@type\":\"EntryPoint\",\"urlTemplate\":\"https:\\\/\\\/aiersha.com\\\/de\\\/?s={search_term_string}\"},\"query-input\":{\"@type\":\"PropertyValueSpecification\",\"valueRequired\":true,\"valueName\":\"search_term_string\"}}],\"inLanguage\":\"de\"}]}<\/script>\n<!-- \/ Yoast SEO plugin. -->","yoast_head_json":{"title":"Masturbations-Cups - Adult Toys: Gro\u00dfhandel &amp; Custom OEM Hersteller | Aiersha","description":"Innovative Masturbations-Cups f\u00fcr realistisches Empfinden. Diskret, hygienisch und perfekt f\u00fcr Dein Solo-Ritual. Jetzt neue H\u00f6hepunkte erleben!","robots":{"index":"index","follow":"follow","max-snippet":"max-snippet:-1","max-image-preview":"max-image-preview:large","max-video-preview":"max-video-preview:-1"},"canonical":"https:\/\/aiersha.com\/de\/sexprodukte\/sexspielzeuge-fuer-maenner\/masturbations-cups\/","og_locale":"de_DE","og_type":"article","og_title":"Masturbations-Cups - Adult Toys: Gro\u00dfhandel &amp; Custom OEM Hersteller | Aiersha","og_description":"Innovative Masturbations-Cups f\u00fcr realistisches Empfinden. Diskret, hygienisch und perfekt f\u00fcr Dein Solo-Ritual. Jetzt neue H\u00f6hepunkte erleben!","og_url":"https:\/\/aiersha.com\/de\/sexprodukte\/sexspielzeuge-fuer-maenner\/masturbations-cups\/","og_site_name":"Adult Toys: Gro\u00dfhandel &amp; Custom OEM Hersteller | Aiersha","article_publisher":"https:\/\/www.facebook.com\/asdoll2017\/","article_modified_time":"2026-02-18T10:15:25+00:00","twitter_card":"summary_large_image","twitter_site":"@CathyHe8","schema":{"@context":"https:\/\/schema.org","@graph":[{"@type":"WebPage","@id":"https:\/\/aiersha.com\/de\/sexprodukte\/sexspielzeuge-fuer-maenner\/masturbations-cups\/","url":"https:\/\/aiersha.com\/de\/sexprodukte\/sexspielzeuge-fuer-maenner\/masturbations-cups\/","name":"Masturbations-Cups - Adult Toys: Gro\u00dfhandel &amp; Custom OEM Hersteller | Aiersha","isPartOf":{"@id":"https:\/\/aiersha.com\/de\/#website"},"datePublished":"2025-11-12T09:09:29+00:00","dateModified":"2026-02-18T10:15:25+00:00","description":"Innovative Masturbations-Cups f\u00fcr realistisches Empfinden. Diskret, hygienisch und perfekt f\u00fcr Dein Solo-Ritual. Jetzt neue H\u00f6hepunkte erleben!","breadcrumb":{"@id":"https:\/\/aiersha.com\/de\/sexprodukte\/sexspielzeuge-fuer-maenner\/masturbations-cups\/#breadcrumb"},"inLanguage":"de","potentialAction":[{"@type":"ReadAction","target":["https:\/\/aiersha.com\/de\/sexprodukte\/sexspielzeuge-fuer-maenner\/masturbations-cups\/"]}]},{"@type":"BreadcrumbList","@id":"https:\/\/aiersha.com\/de\/sexprodukte\/sexspielzeuge-fuer-maenner\/masturbations-cups\/#breadcrumb","itemListElement":[{"@type":"ListItem","position":1,"name":"Home","item":"https:\/\/aiersha.com\/de\/"},{"@type":"ListItem","position":2,"name":"Sexprodukte","item":"https:\/\/aiersha.com\/de\/sex-product\/"},{"@type":"ListItem","position":3,"name":"Sexspielzeuge f\u00fcr M\u00e4nner","item":"https:\/\/aiersha.com\/de\/juguetes-sexuales\/juguetes-sexuales-para-hombres\/"},{"@type":"ListItem","position":4,"name":"Masturbations-Cups"}]},{"@type":"WebSite","@id":"https:\/\/aiersha.com\/de\/#website","url":"https:\/\/aiersha.com\/de\/","name":"Aiersha | Luxury Intimacy Gift Sets for Women & Couples","description":"Sexspielzeug f\u00fcr Frauen, M\u00e4nner und Paare","potentialAction":[{"@type":"SearchAction","target":{"@type":"EntryPoint","urlTemplate":"https:\/\/aiersha.com\/de\/?s={search_term_string}"},"query-input":{"@type":"PropertyValueSpecification","valueRequired":true,"valueName":"search_term_string"}}],"inLanguage":"de"}]}},"_links":{"self":[{"href":"https:\/\/aiersha.com\/de\/wp-json\/wp\/v2\/pages\/3930","targetHints":{"allow":["GET"]}}],"collection":[{"href":"https:\/\/aiersha.com\/de\/wp-json\/wp\/v2\/pages"}],"about":[{"href":"https:\/\/aiersha.com\/de\/wp-json\/wp\/v2\/types\/page"}],"author":[{"embeddable":true,"href":"https:\/\/aiersha.com\/de\/wp-json\/wp\/v2\/users\/1"}],"replies":[{"embeddable":true,"href":"https:\/\/aiersha.com\/de\/wp-json\/wp\/v2\/comments?post=3930"}],"version-history":[{"count":1,"href":"https:\/\/aiersha.com\/de\/wp-json\/wp\/v2\/pages\/3930\/revisions"}],"predecessor-version":[{"id":3932,"href":"https:\/\/aiersha.com\/de\/wp-json\/wp\/v2\/pages\/3930\/revisions\/3932"}],"up":[{"embeddable":true,"href":"https:\/\/aiersha.com\/de\/wp-json\/wp\/v2\/pages\/3016"}],"wp:featuredmedia":[{"embeddable":true,"href":"https:\/\/aiersha.com\/de\/wp-json\/"}],"wp:attachment":[{"href":"https:\/\/aiersha.com\/de\/wp-json\/wp\/v2\/media?parent=3930"}],"curies":[{"name":"wp","href":"https:\/\/api.w.org\/{rel}","templated":true}]}}