{"id":3893,"date":"2025-11-03T09:23:54","date_gmt":"2025-11-03T09:23:54","guid":{"rendered":"https:\/\/aiersha.com\/sexprodukte\/aiersha-sexspielzeug-fuer-frauen\/aiersha-kegel-balls\/"},"modified":"2026-02-27T10:50:03","modified_gmt":"2026-02-27T10:50:03","slug":"liebeskugeln","status":"publish","type":"page","link":"https:\/\/aiersha.com\/de\/sexprodukte\/aiersha-sexspielzeug-fuer-frauen\/liebeskugeln\/","title":{"rendered":"Liebeskugeln"},"content":{"rendered":"","protected":false},"excerpt":{"rendered":"","protected":false},"author":1,"featured_media":-1,"parent":3002,"menu_order":0,"comment_status":"closed","ping_status":"closed","template":"","meta":{"footnotes":""},"class_list":["post-3893","page","type-page","status-publish","has-post-thumbnail","hentry"],"yoast_head":"<!-- This site is optimized with the Yoast SEO plugin v27.4 - https:\/\/yoast.com\/product\/yoast-seo-wordpress\/ -->\n<title>Liebeskugeln - Adult Toys: Gro\u00dfhandel &amp; Custom OEM Hersteller | Aiersha<\/title>\n<meta name=\"description\" content=\"St\u00e4rken Sie Ihre Mitte mit Aiersha Liebeskugeln. F\u00fcr intensiveres Empfinden &amp; verbesserte Muskulatur. Diskret im Alltag tragbar. Jetzt online bestellen!\" \/>\n<meta name=\"robots\" content=\"index, follow, max-snippet:-1, max-image-preview:large, max-video-preview:-1\" \/>\n<link rel=\"canonical\" href=\"https:\/\/aiersha.com\/de\/sexprodukte\/aiersha-sexspielzeug-fuer-frauen\/liebeskugeln\/\" \/>\n<meta property=\"og:locale\" content=\"de_DE\" \/>\n<meta property=\"og:type\" content=\"article\" \/>\n<meta property=\"og:title\" content=\"Liebeskugeln - Adult Toys: Gro\u00dfhandel &amp; Custom OEM Hersteller | Aiersha\" \/>\n<meta property=\"og:description\" content=\"St\u00e4rken Sie Ihre Mitte mit Aiersha Liebeskugeln. F\u00fcr intensiveres Empfinden &amp; verbesserte Muskulatur. Diskret im Alltag tragbar. Jetzt online bestellen!\" \/>\n<meta property=\"og:url\" content=\"https:\/\/aiersha.com\/de\/sexprodukte\/aiersha-sexspielzeug-fuer-frauen\/liebeskugeln\/\" \/>\n<meta property=\"og:site_name\" content=\"Adult Toys: Gro\u00dfhandel &amp; Custom OEM Hersteller | Aiersha\" \/>\n<meta property=\"article:publisher\" content=\"https:\/\/www.facebook.com\/asdoll2017\/\" \/>\n<meta property=\"article:modified_time\" content=\"2026-02-27T10:50:03+00:00\" \/>\n<meta name=\"twitter:card\" content=\"summary_large_image\" \/>\n<meta name=\"twitter:site\" content=\"@CathyHe8\" \/>\n<script type=\"application\/ld+json\" class=\"yoast-schema-graph\">{\"@context\":\"https:\\\/\\\/schema.org\",\"@graph\":[{\"@type\":\"WebPage\",\"@id\":\"https:\\\/\\\/aiersha.com\\\/de\\\/sexprodukte\\\/aiersha-sexspielzeug-fuer-frauen\\\/liebeskugeln\\\/\",\"url\":\"https:\\\/\\\/aiersha.com\\\/de\\\/sexprodukte\\\/aiersha-sexspielzeug-fuer-frauen\\\/liebeskugeln\\\/\",\"name\":\"Liebeskugeln - Adult Toys: Gro\u00dfhandel &amp; Custom OEM Hersteller | Aiersha\",\"isPartOf\":{\"@id\":\"https:\\\/\\\/aiersha.com\\\/de\\\/#website\"},\"datePublished\":\"2025-11-03T09:23:54+00:00\",\"dateModified\":\"2026-02-27T10:50:03+00:00\",\"description\":\"St\u00e4rken Sie Ihre Mitte mit Aiersha Liebeskugeln. F\u00fcr intensiveres Empfinden & verbesserte Muskulatur. Diskret im Alltag tragbar. Jetzt online bestellen!\",\"breadcrumb\":{\"@id\":\"https:\\\/\\\/aiersha.com\\\/de\\\/sexprodukte\\\/aiersha-sexspielzeug-fuer-frauen\\\/liebeskugeln\\\/#breadcrumb\"},\"inLanguage\":\"de\",\"potentialAction\":[{\"@type\":\"ReadAction\",\"target\":[\"https:\\\/\\\/aiersha.com\\\/de\\\/sexprodukte\\\/aiersha-sexspielzeug-fuer-frauen\\\/liebeskugeln\\\/\"]}]},{\"@type\":\"BreadcrumbList\",\"@id\":\"https:\\\/\\\/aiersha.com\\\/de\\\/sexprodukte\\\/aiersha-sexspielzeug-fuer-frauen\\\/liebeskugeln\\\/#breadcrumb\",\"itemListElement\":[{\"@type\":\"ListItem\",\"position\":1,\"name\":\"Home\",\"item\":\"https:\\\/\\\/aiersha.com\\\/de\\\/\"},{\"@type\":\"ListItem\",\"position\":2,\"name\":\"Sexprodukte\",\"item\":\"https:\\\/\\\/aiersha.com\\\/de\\\/sex-product\\\/\"},{\"@type\":\"ListItem\",\"position\":3,\"name\":\"Sexspielzeug f\u00fcr Frauen\",\"item\":\"https:\\\/\\\/aiersha.com\\\/de\\\/sex-product\\\/aiersha-woman-sex-toys\\\/\"},{\"@type\":\"ListItem\",\"position\":4,\"name\":\"Liebeskugeln\"}]},{\"@type\":\"WebSite\",\"@id\":\"https:\\\/\\\/aiersha.com\\\/de\\\/#website\",\"url\":\"https:\\\/\\\/aiersha.com\\\/de\\\/\",\"name\":\"Aiersha | Luxury Intimacy Gift Sets for Women & Couples\",\"description\":\"Sexspielzeug f\u00fcr Frauen, M\u00e4nner und Paare\",\"potentialAction\":[{\"@type\":\"SearchAction\",\"target\":{\"@type\":\"EntryPoint\",\"urlTemplate\":\"https:\\\/\\\/aiersha.com\\\/de\\\/?s={search_term_string}\"},\"query-input\":{\"@type\":\"PropertyValueSpecification\",\"valueRequired\":true,\"valueName\":\"search_term_string\"}}],\"inLanguage\":\"de\"}]}<\/script>\n<!-- \/ Yoast SEO plugin. -->","yoast_head_json":{"title":"Liebeskugeln - Adult Toys: Gro\u00dfhandel &amp; Custom OEM Hersteller | Aiersha","description":"St\u00e4rken Sie Ihre Mitte mit Aiersha Liebeskugeln. F\u00fcr intensiveres Empfinden & verbesserte Muskulatur. Diskret im Alltag tragbar. Jetzt online bestellen!","robots":{"index":"index","follow":"follow","max-snippet":"max-snippet:-1","max-image-preview":"max-image-preview:large","max-video-preview":"max-video-preview:-1"},"canonical":"https:\/\/aiersha.com\/de\/sexprodukte\/aiersha-sexspielzeug-fuer-frauen\/liebeskugeln\/","og_locale":"de_DE","og_type":"article","og_title":"Liebeskugeln - Adult Toys: Gro\u00dfhandel &amp; Custom OEM Hersteller | Aiersha","og_description":"St\u00e4rken Sie Ihre Mitte mit Aiersha Liebeskugeln. F\u00fcr intensiveres Empfinden & verbesserte Muskulatur. Diskret im Alltag tragbar. Jetzt online bestellen!","og_url":"https:\/\/aiersha.com\/de\/sexprodukte\/aiersha-sexspielzeug-fuer-frauen\/liebeskugeln\/","og_site_name":"Adult Toys: Gro\u00dfhandel &amp; Custom OEM Hersteller | Aiersha","article_publisher":"https:\/\/www.facebook.com\/asdoll2017\/","article_modified_time":"2026-02-27T10:50:03+00:00","twitter_card":"summary_large_image","twitter_site":"@CathyHe8","schema":{"@context":"https:\/\/schema.org","@graph":[{"@type":"WebPage","@id":"https:\/\/aiersha.com\/de\/sexprodukte\/aiersha-sexspielzeug-fuer-frauen\/liebeskugeln\/","url":"https:\/\/aiersha.com\/de\/sexprodukte\/aiersha-sexspielzeug-fuer-frauen\/liebeskugeln\/","name":"Liebeskugeln - Adult Toys: Gro\u00dfhandel &amp; Custom OEM Hersteller | Aiersha","isPartOf":{"@id":"https:\/\/aiersha.com\/de\/#website"},"datePublished":"2025-11-03T09:23:54+00:00","dateModified":"2026-02-27T10:50:03+00:00","description":"St\u00e4rken Sie Ihre Mitte mit Aiersha Liebeskugeln. F\u00fcr intensiveres Empfinden & verbesserte Muskulatur. Diskret im Alltag tragbar. Jetzt online bestellen!","breadcrumb":{"@id":"https:\/\/aiersha.com\/de\/sexprodukte\/aiersha-sexspielzeug-fuer-frauen\/liebeskugeln\/#breadcrumb"},"inLanguage":"de","potentialAction":[{"@type":"ReadAction","target":["https:\/\/aiersha.com\/de\/sexprodukte\/aiersha-sexspielzeug-fuer-frauen\/liebeskugeln\/"]}]},{"@type":"BreadcrumbList","@id":"https:\/\/aiersha.com\/de\/sexprodukte\/aiersha-sexspielzeug-fuer-frauen\/liebeskugeln\/#breadcrumb","itemListElement":[{"@type":"ListItem","position":1,"name":"Home","item":"https:\/\/aiersha.com\/de\/"},{"@type":"ListItem","position":2,"name":"Sexprodukte","item":"https:\/\/aiersha.com\/de\/sex-product\/"},{"@type":"ListItem","position":3,"name":"Sexspielzeug f\u00fcr Frauen","item":"https:\/\/aiersha.com\/de\/sex-product\/aiersha-woman-sex-toys\/"},{"@type":"ListItem","position":4,"name":"Liebeskugeln"}]},{"@type":"WebSite","@id":"https:\/\/aiersha.com\/de\/#website","url":"https:\/\/aiersha.com\/de\/","name":"Aiersha | Luxury Intimacy Gift Sets for Women & Couples","description":"Sexspielzeug f\u00fcr Frauen, M\u00e4nner und Paare","potentialAction":[{"@type":"SearchAction","target":{"@type":"EntryPoint","urlTemplate":"https:\/\/aiersha.com\/de\/?s={search_term_string}"},"query-input":{"@type":"PropertyValueSpecification","valueRequired":true,"valueName":"search_term_string"}}],"inLanguage":"de"}]}},"_links":{"self":[{"href":"https:\/\/aiersha.com\/de\/wp-json\/wp\/v2\/pages\/3893","targetHints":{"allow":["GET"]}}],"collection":[{"href":"https:\/\/aiersha.com\/de\/wp-json\/wp\/v2\/pages"}],"about":[{"href":"https:\/\/aiersha.com\/de\/wp-json\/wp\/v2\/types\/page"}],"author":[{"embeddable":true,"href":"https:\/\/aiersha.com\/de\/wp-json\/wp\/v2\/users\/1"}],"replies":[{"embeddable":true,"href":"https:\/\/aiersha.com\/de\/wp-json\/wp\/v2\/comments?post=3893"}],"version-history":[{"count":2,"href":"https:\/\/aiersha.com\/de\/wp-json\/wp\/v2\/pages\/3893\/revisions"}],"predecessor-version":[{"id":3897,"href":"https:\/\/aiersha.com\/de\/wp-json\/wp\/v2\/pages\/3893\/revisions\/3897"}],"up":[{"embeddable":true,"href":"https:\/\/aiersha.com\/de\/wp-json\/wp\/v2\/pages\/3002"}],"wp:featuredmedia":[{"embeddable":true,"href":"https:\/\/aiersha.com\/de\/wp-json\/"}],"wp:attachment":[{"href":"https:\/\/aiersha.com\/de\/wp-json\/wp\/v2\/media?parent=3893"}],"curies":[{"name":"wp","href":"https:\/\/api.w.org\/{rel}","templated":true}]}}