{"id":3016,"date":"2025-08-25T08:49:14","date_gmt":"2025-08-25T08:49:14","guid":{"rendered":"https:\/\/aiersha.com\/sex-product\/sex-toys-for-men\/"},"modified":"2026-04-27T09:27:48","modified_gmt":"2026-04-27T09:27:48","slug":"sexspielzeuge-fuer-maenner","status":"publish","type":"page","link":"https:\/\/aiersha.com\/de\/sexprodukte\/sexspielzeuge-fuer-maenner\/","title":{"rendered":"Sexspielzeuge f\u00fcr M\u00e4nner"},"content":{"rendered":"","protected":false},"excerpt":{"rendered":"","protected":false},"author":1,"featured_media":-1,"parent":2830,"menu_order":0,"comment_status":"closed","ping_status":"closed","template":"","meta":{"footnotes":""},"class_list":["post-3016","page","type-page","status-publish","has-post-thumbnail","hentry"],"yoast_head":"<!-- This site is optimized with the Yoast SEO plugin v27.4 - https:\/\/yoast.com\/product\/yoast-seo-wordpress\/ -->\n<title>Sexspielzeuge f\u00fcr M\u00e4nner - Aiersha - Luxuri\u00f6se Intimit\u00e4ts-Geschenksets f\u00fcr Frauen &amp; Paare<\/title>\n<meta name=\"description\" content=\"Sexspielzeuge f\u00fcr M\u00e4nner! Von innovativen Masturbatoren bis zu aufregenden Sextoysets F\u00fcr Ihn. Hol dir dein neues Toy f\u00fcr intensive Momente.\" \/>\n<meta name=\"robots\" content=\"index, follow, max-snippet:-1, max-image-preview:large, max-video-preview:-1\" \/>\n<link rel=\"canonical\" href=\"https:\/\/aiersha.com\/de\/sexprodukte\/sexspielzeuge-fuer-maenner\/\" \/>\n<meta property=\"og:locale\" content=\"de_DE\" \/>\n<meta property=\"og:type\" content=\"article\" \/>\n<meta property=\"og:title\" content=\"Sexspielzeuge f\u00fcr M\u00e4nner - Aiersha - Luxuri\u00f6se Intimit\u00e4ts-Geschenksets f\u00fcr Frauen &amp; Paare\" \/>\n<meta property=\"og:description\" content=\"Sexspielzeuge f\u00fcr M\u00e4nner! Von innovativen Masturbatoren bis zu aufregenden Sextoysets F\u00fcr Ihn. Hol dir dein neues Toy f\u00fcr intensive Momente.\" \/>\n<meta property=\"og:url\" content=\"https:\/\/aiersha.com\/de\/sexprodukte\/sexspielzeuge-fuer-maenner\/\" \/>\n<meta property=\"og:site_name\" content=\"Adult Toys: Gro\u00dfhandel &amp; Custom OEM Hersteller | Aiersha\" \/>\n<meta property=\"article:publisher\" content=\"https:\/\/www.facebook.com\/asdoll2017\/\" \/>\n<meta property=\"article:modified_time\" content=\"2026-04-27T09:27:48+00:00\" \/>\n<meta name=\"twitter:card\" content=\"summary_large_image\" \/>\n<meta name=\"twitter:site\" content=\"@CathyHe8\" \/>\n<script type=\"application\/ld+json\" class=\"yoast-schema-graph\">{\"@context\":\"https:\\\/\\\/schema.org\",\"@graph\":[{\"@type\":\"WebPage\",\"@id\":\"https:\\\/\\\/aiersha.com\\\/de\\\/sexprodukte\\\/sexspielzeuge-fuer-maenner\\\/\",\"url\":\"https:\\\/\\\/aiersha.com\\\/de\\\/sexprodukte\\\/sexspielzeuge-fuer-maenner\\\/\",\"name\":\"Sexspielzeuge f\u00fcr M\u00e4nner - Aiersha - Luxuri\u00f6se Intimit\u00e4ts-Geschenksets f\u00fcr Frauen & Paare\",\"isPartOf\":{\"@id\":\"https:\\\/\\\/aiersha.com\\\/de\\\/#website\"},\"datePublished\":\"2025-08-25T08:49:14+00:00\",\"dateModified\":\"2026-04-27T09:27:48+00:00\",\"description\":\"Sexspielzeuge f\u00fcr M\u00e4nner! Von innovativen Masturbatoren bis zu aufregenden Sextoysets F\u00fcr Ihn. Hol dir dein neues Toy f\u00fcr intensive Momente.\",\"breadcrumb\":{\"@id\":\"https:\\\/\\\/aiersha.com\\\/de\\\/sexprodukte\\\/sexspielzeuge-fuer-maenner\\\/#breadcrumb\"},\"inLanguage\":\"de\",\"potentialAction\":[{\"@type\":\"ReadAction\",\"target\":[\"https:\\\/\\\/aiersha.com\\\/de\\\/sexprodukte\\\/sexspielzeuge-fuer-maenner\\\/\"]}]},{\"@type\":\"BreadcrumbList\",\"@id\":\"https:\\\/\\\/aiersha.com\\\/de\\\/sexprodukte\\\/sexspielzeuge-fuer-maenner\\\/#breadcrumb\",\"itemListElement\":[{\"@type\":\"ListItem\",\"position\":1,\"name\":\"Home\",\"item\":\"https:\\\/\\\/aiersha.com\\\/de\\\/\"},{\"@type\":\"ListItem\",\"position\":2,\"name\":\"Sexprodukte\",\"item\":\"https:\\\/\\\/aiersha.com\\\/de\\\/sex-product\\\/\"},{\"@type\":\"ListItem\",\"position\":3,\"name\":\"Sexspielzeuge f\u00fcr M\u00e4nner\"}]},{\"@type\":\"WebSite\",\"@id\":\"https:\\\/\\\/aiersha.com\\\/de\\\/#website\",\"url\":\"https:\\\/\\\/aiersha.com\\\/de\\\/\",\"name\":\"Aiersha | Luxury Intimacy Gift Sets for Women & Couples\",\"description\":\"Sexspielzeug f\u00fcr Frauen, M\u00e4nner und Paare\",\"potentialAction\":[{\"@type\":\"SearchAction\",\"target\":{\"@type\":\"EntryPoint\",\"urlTemplate\":\"https:\\\/\\\/aiersha.com\\\/de\\\/?s={search_term_string}\"},\"query-input\":{\"@type\":\"PropertyValueSpecification\",\"valueRequired\":true,\"valueName\":\"search_term_string\"}}],\"inLanguage\":\"de\"}]}<\/script>\n<!-- \/ Yoast SEO plugin. -->","yoast_head_json":{"title":"Sexspielzeuge f\u00fcr M\u00e4nner - Aiersha - Luxuri\u00f6se Intimit\u00e4ts-Geschenksets f\u00fcr Frauen & Paare","description":"Sexspielzeuge f\u00fcr M\u00e4nner! Von innovativen Masturbatoren bis zu aufregenden Sextoysets F\u00fcr Ihn. Hol dir dein neues Toy f\u00fcr intensive Momente.","robots":{"index":"index","follow":"follow","max-snippet":"max-snippet:-1","max-image-preview":"max-image-preview:large","max-video-preview":"max-video-preview:-1"},"canonical":"https:\/\/aiersha.com\/de\/sexprodukte\/sexspielzeuge-fuer-maenner\/","og_locale":"de_DE","og_type":"article","og_title":"Sexspielzeuge f\u00fcr M\u00e4nner - Aiersha - Luxuri\u00f6se Intimit\u00e4ts-Geschenksets f\u00fcr Frauen & Paare","og_description":"Sexspielzeuge f\u00fcr M\u00e4nner! Von innovativen Masturbatoren bis zu aufregenden Sextoysets F\u00fcr Ihn. Hol dir dein neues Toy f\u00fcr intensive Momente.","og_url":"https:\/\/aiersha.com\/de\/sexprodukte\/sexspielzeuge-fuer-maenner\/","og_site_name":"Adult Toys: Gro\u00dfhandel &amp; Custom OEM Hersteller | Aiersha","article_publisher":"https:\/\/www.facebook.com\/asdoll2017\/","article_modified_time":"2026-04-27T09:27:48+00:00","twitter_card":"summary_large_image","twitter_site":"@CathyHe8","schema":{"@context":"https:\/\/schema.org","@graph":[{"@type":"WebPage","@id":"https:\/\/aiersha.com\/de\/sexprodukte\/sexspielzeuge-fuer-maenner\/","url":"https:\/\/aiersha.com\/de\/sexprodukte\/sexspielzeuge-fuer-maenner\/","name":"Sexspielzeuge f\u00fcr M\u00e4nner - Aiersha - Luxuri\u00f6se Intimit\u00e4ts-Geschenksets f\u00fcr Frauen & Paare","isPartOf":{"@id":"https:\/\/aiersha.com\/de\/#website"},"datePublished":"2025-08-25T08:49:14+00:00","dateModified":"2026-04-27T09:27:48+00:00","description":"Sexspielzeuge f\u00fcr M\u00e4nner! Von innovativen Masturbatoren bis zu aufregenden Sextoysets F\u00fcr Ihn. Hol dir dein neues Toy f\u00fcr intensive Momente.","breadcrumb":{"@id":"https:\/\/aiersha.com\/de\/sexprodukte\/sexspielzeuge-fuer-maenner\/#breadcrumb"},"inLanguage":"de","potentialAction":[{"@type":"ReadAction","target":["https:\/\/aiersha.com\/de\/sexprodukte\/sexspielzeuge-fuer-maenner\/"]}]},{"@type":"BreadcrumbList","@id":"https:\/\/aiersha.com\/de\/sexprodukte\/sexspielzeuge-fuer-maenner\/#breadcrumb","itemListElement":[{"@type":"ListItem","position":1,"name":"Home","item":"https:\/\/aiersha.com\/de\/"},{"@type":"ListItem","position":2,"name":"Sexprodukte","item":"https:\/\/aiersha.com\/de\/sex-product\/"},{"@type":"ListItem","position":3,"name":"Sexspielzeuge f\u00fcr M\u00e4nner"}]},{"@type":"WebSite","@id":"https:\/\/aiersha.com\/de\/#website","url":"https:\/\/aiersha.com\/de\/","name":"Aiersha | Luxury Intimacy Gift Sets for Women & Couples","description":"Sexspielzeug f\u00fcr Frauen, M\u00e4nner und Paare","potentialAction":[{"@type":"SearchAction","target":{"@type":"EntryPoint","urlTemplate":"https:\/\/aiersha.com\/de\/?s={search_term_string}"},"query-input":{"@type":"PropertyValueSpecification","valueRequired":true,"valueName":"search_term_string"}}],"inLanguage":"de"}]}},"_links":{"self":[{"href":"https:\/\/aiersha.com\/de\/wp-json\/wp\/v2\/pages\/3016","targetHints":{"allow":["GET"]}}],"collection":[{"href":"https:\/\/aiersha.com\/de\/wp-json\/wp\/v2\/pages"}],"about":[{"href":"https:\/\/aiersha.com\/de\/wp-json\/wp\/v2\/types\/page"}],"author":[{"embeddable":true,"href":"https:\/\/aiersha.com\/de\/wp-json\/wp\/v2\/users\/1"}],"replies":[{"embeddable":true,"href":"https:\/\/aiersha.com\/de\/wp-json\/wp\/v2\/comments?post=3016"}],"version-history":[{"count":4,"href":"https:\/\/aiersha.com\/de\/wp-json\/wp\/v2\/pages\/3016\/revisions"}],"predecessor-version":[{"id":3024,"href":"https:\/\/aiersha.com\/de\/wp-json\/wp\/v2\/pages\/3016\/revisions\/3024"}],"up":[{"embeddable":true,"href":"https:\/\/aiersha.com\/de\/wp-json\/wp\/v2\/pages\/2830"}],"wp:featuredmedia":[{"embeddable":true,"href":"https:\/\/aiersha.com\/de\/wp-json\/"}],"wp:attachment":[{"href":"https:\/\/aiersha.com\/de\/wp-json\/wp\/v2\/media?parent=3016"}],"curies":[{"name":"wp","href":"https:\/\/api.w.org\/{rel}","templated":true}]}}