{"id":2801,"date":"2025-08-28T08:18:18","date_gmt":"2025-08-28T08:18:18","guid":{"rendered":"https:\/\/aiersha.com\/legal-notice\/"},"modified":"2026-03-09T12:32:06","modified_gmt":"2026-03-09T12:32:06","slug":"impressum","status":"publish","type":"page","link":"https:\/\/aiersha.com\/de\/impressum\/","title":{"rendered":"Impressum"},"content":{"rendered":"","protected":false},"excerpt":{"rendered":"","protected":false},"author":1,"featured_media":-1,"parent":0,"menu_order":0,"comment_status":"closed","ping_status":"closed","template":"","meta":{"footnotes":""},"class_list":["post-2801","page","type-page","status-publish","has-post-thumbnail","hentry"],"yoast_head":"<!-- This site is optimized with the Yoast SEO plugin v27.4 - https:\/\/yoast.com\/product\/yoast-seo-wordpress\/ -->\n<title>Impressum - Aiersha - Luxuri\u00f6se Intimit\u00e4ts-Geschenksets<\/title>\n<meta name=\"description\" content=\"Impressum der Shenzhen Aiersha Technology Co., Ltd. (Informationen gem\u00e4\u00df Art. 13 DSGVO): Kontaktdaten, Inhaber und Umsatzsteuer-ID.\" \/>\n<meta name=\"robots\" content=\"index, follow, max-snippet:-1, max-image-preview:large, max-video-preview:-1\" \/>\n<link rel=\"canonical\" href=\"https:\/\/aiersha.com\/de\/impressum\/\" \/>\n<meta property=\"og:locale\" content=\"de_DE\" \/>\n<meta property=\"og:type\" content=\"article\" \/>\n<meta property=\"og:title\" content=\"Impressum - Aiersha - Luxuri\u00f6se Intimit\u00e4ts-Geschenksets\" \/>\n<meta property=\"og:description\" content=\"Impressum der Shenzhen Aiersha Technology Co., Ltd. (Informationen gem\u00e4\u00df Art. 13 DSGVO): Kontaktdaten, Inhaber und Umsatzsteuer-ID.\" \/>\n<meta property=\"og:url\" content=\"https:\/\/aiersha.com\/de\/impressum\/\" \/>\n<meta property=\"og:site_name\" content=\"Adult Toys: Gro\u00dfhandel &amp; Custom OEM Hersteller | Aiersha\" \/>\n<meta property=\"article:publisher\" content=\"https:\/\/www.facebook.com\/asdoll2017\/\" \/>\n<meta property=\"article:modified_time\" content=\"2026-03-09T12:32:06+00:00\" \/>\n<meta name=\"twitter:card\" content=\"summary_large_image\" \/>\n<meta name=\"twitter:site\" content=\"@CathyHe8\" \/>\n<script type=\"application\/ld+json\" class=\"yoast-schema-graph\">{\"@context\":\"https:\\\/\\\/schema.org\",\"@graph\":[{\"@type\":\"WebPage\",\"@id\":\"https:\\\/\\\/aiersha.com\\\/de\\\/impressum\\\/\",\"url\":\"https:\\\/\\\/aiersha.com\\\/de\\\/impressum\\\/\",\"name\":\"Impressum - Aiersha - Luxuri\u00f6se Intimit\u00e4ts-Geschenksets\",\"isPartOf\":{\"@id\":\"https:\\\/\\\/aiersha.com\\\/de\\\/#website\"},\"datePublished\":\"2025-08-28T08:18:18+00:00\",\"dateModified\":\"2026-03-09T12:32:06+00:00\",\"description\":\"Impressum der Shenzhen Aiersha Technology Co., Ltd. (Informationen gem\u00e4\u00df Art. 13 DSGVO): Kontaktdaten, Inhaber und Umsatzsteuer-ID.\",\"breadcrumb\":{\"@id\":\"https:\\\/\\\/aiersha.com\\\/de\\\/impressum\\\/#breadcrumb\"},\"inLanguage\":\"de\",\"potentialAction\":[{\"@type\":\"ReadAction\",\"target\":[\"https:\\\/\\\/aiersha.com\\\/de\\\/impressum\\\/\"]}]},{\"@type\":\"BreadcrumbList\",\"@id\":\"https:\\\/\\\/aiersha.com\\\/de\\\/impressum\\\/#breadcrumb\",\"itemListElement\":[{\"@type\":\"ListItem\",\"position\":1,\"name\":\"Home\",\"item\":\"https:\\\/\\\/aiersha.com\\\/de\\\/\"},{\"@type\":\"ListItem\",\"position\":2,\"name\":\"Impressum\"}]},{\"@type\":\"WebSite\",\"@id\":\"https:\\\/\\\/aiersha.com\\\/de\\\/#website\",\"url\":\"https:\\\/\\\/aiersha.com\\\/de\\\/\",\"name\":\"Aiersha | Luxury Intimacy Gift Sets for Women & Couples\",\"description\":\"Sexspielzeug f\u00fcr Frauen, M\u00e4nner und Paare\",\"potentialAction\":[{\"@type\":\"SearchAction\",\"target\":{\"@type\":\"EntryPoint\",\"urlTemplate\":\"https:\\\/\\\/aiersha.com\\\/de\\\/?s={search_term_string}\"},\"query-input\":{\"@type\":\"PropertyValueSpecification\",\"valueRequired\":true,\"valueName\":\"search_term_string\"}}],\"inLanguage\":\"de\"}]}<\/script>\n<!-- \/ Yoast SEO plugin. -->","yoast_head_json":{"title":"Impressum - Aiersha - Luxuri\u00f6se Intimit\u00e4ts-Geschenksets","description":"Impressum der Shenzhen Aiersha Technology Co., Ltd. (Informationen gem\u00e4\u00df Art. 13 DSGVO): Kontaktdaten, Inhaber und Umsatzsteuer-ID.","robots":{"index":"index","follow":"follow","max-snippet":"max-snippet:-1","max-image-preview":"max-image-preview:large","max-video-preview":"max-video-preview:-1"},"canonical":"https:\/\/aiersha.com\/de\/impressum\/","og_locale":"de_DE","og_type":"article","og_title":"Impressum - Aiersha - Luxuri\u00f6se Intimit\u00e4ts-Geschenksets","og_description":"Impressum der Shenzhen Aiersha Technology Co., Ltd. (Informationen gem\u00e4\u00df Art. 13 DSGVO): Kontaktdaten, Inhaber und Umsatzsteuer-ID.","og_url":"https:\/\/aiersha.com\/de\/impressum\/","og_site_name":"Adult Toys: Gro\u00dfhandel &amp; Custom OEM Hersteller | Aiersha","article_publisher":"https:\/\/www.facebook.com\/asdoll2017\/","article_modified_time":"2026-03-09T12:32:06+00:00","twitter_card":"summary_large_image","twitter_site":"@CathyHe8","schema":{"@context":"https:\/\/schema.org","@graph":[{"@type":"WebPage","@id":"https:\/\/aiersha.com\/de\/impressum\/","url":"https:\/\/aiersha.com\/de\/impressum\/","name":"Impressum - Aiersha - Luxuri\u00f6se Intimit\u00e4ts-Geschenksets","isPartOf":{"@id":"https:\/\/aiersha.com\/de\/#website"},"datePublished":"2025-08-28T08:18:18+00:00","dateModified":"2026-03-09T12:32:06+00:00","description":"Impressum der Shenzhen Aiersha Technology Co., Ltd. (Informationen gem\u00e4\u00df Art. 13 DSGVO): Kontaktdaten, Inhaber und Umsatzsteuer-ID.","breadcrumb":{"@id":"https:\/\/aiersha.com\/de\/impressum\/#breadcrumb"},"inLanguage":"de","potentialAction":[{"@type":"ReadAction","target":["https:\/\/aiersha.com\/de\/impressum\/"]}]},{"@type":"BreadcrumbList","@id":"https:\/\/aiersha.com\/de\/impressum\/#breadcrumb","itemListElement":[{"@type":"ListItem","position":1,"name":"Home","item":"https:\/\/aiersha.com\/de\/"},{"@type":"ListItem","position":2,"name":"Impressum"}]},{"@type":"WebSite","@id":"https:\/\/aiersha.com\/de\/#website","url":"https:\/\/aiersha.com\/de\/","name":"Aiersha | Luxury Intimacy Gift Sets for Women & Couples","description":"Sexspielzeug f\u00fcr Frauen, M\u00e4nner und Paare","potentialAction":[{"@type":"SearchAction","target":{"@type":"EntryPoint","urlTemplate":"https:\/\/aiersha.com\/de\/?s={search_term_string}"},"query-input":{"@type":"PropertyValueSpecification","valueRequired":true,"valueName":"search_term_string"}}],"inLanguage":"de"}]}},"_links":{"self":[{"href":"https:\/\/aiersha.com\/de\/wp-json\/wp\/v2\/pages\/2801","targetHints":{"allow":["GET"]}}],"collection":[{"href":"https:\/\/aiersha.com\/de\/wp-json\/wp\/v2\/pages"}],"about":[{"href":"https:\/\/aiersha.com\/de\/wp-json\/wp\/v2\/types\/page"}],"author":[{"embeddable":true,"href":"https:\/\/aiersha.com\/de\/wp-json\/wp\/v2\/users\/1"}],"replies":[{"embeddable":true,"href":"https:\/\/aiersha.com\/de\/wp-json\/wp\/v2\/comments?post=2801"}],"version-history":[{"count":2,"href":"https:\/\/aiersha.com\/de\/wp-json\/wp\/v2\/pages\/2801\/revisions"}],"predecessor-version":[{"id":2854,"href":"https:\/\/aiersha.com\/de\/wp-json\/wp\/v2\/pages\/2801\/revisions\/2854"}],"wp:featuredmedia":[{"embeddable":true,"href":"https:\/\/aiersha.com\/de\/wp-json\/"}],"wp:attachment":[{"href":"https:\/\/aiersha.com\/de\/wp-json\/wp\/v2\/media?parent=2801"}],"curies":[{"name":"wp","href":"https:\/\/api.w.org\/{rel}","templated":true}]}}